{"id":27,"date":"2021-01-13T16:12:37","date_gmt":"2021-01-13T15:12:37","guid":{"rendered":"http:\/\/layerdrops.com\/linoorwp\/?page_id=27"},"modified":"2024-03-28T12:47:17","modified_gmt":"2024-03-28T11:47:17","slug":"alle-die-dienste","status":"publish","type":"page","link":"https:\/\/numeractive.ch\/de\/alle-die-dienste\/","title":{"rendered":"Alle Dienste"},"content":{"rendered":"<div data-elementor-type=\"wp-page\" data-elementor-id=\"27\" class=\"elementor elementor-27\" data-elementor-post-type=\"page\">\n\t\t\t\t\t\t<section class=\"elementor-section elementor-top-section elementor-element elementor-element-41765b9 elementor-section-full_width elementor-section-height-default elementor-section-height-default\" data-id=\"41765b9\" data-element_type=\"section\" data-e-type=\"section\">\n\t\t\t\t\t\t<div class=\"elementor-container elementor-column-gap-no\">\n\t\t\t\t\t<div class=\"elementor-column elementor-col-100 elementor-top-column elementor-element elementor-element-e00d5fe\" data-id=\"e00d5fe\" data-element_type=\"column\" data-e-type=\"column\">\n\t\t\t<div class=\"elementor-widget-wrap elementor-element-populated\">\n\t\t\t\t\t\t<div class=\"elementor-element elementor-element-313e349 elementor-widget elementor-widget-linoor-service\" data-id=\"313e349\" data-element_type=\"widget\" data-e-type=\"widget\" data-widget_type=\"linoor-service.default\">\n\t\t\t\t<div class=\"elementor-widget-container\">\n\t\t\t\t\t\r\n                    <!--Services Section-->\r\n            <section class=\"services-section\">\r\n                <div class=\"auto-container\">\r\n                    <div class=\"row clearfix\">\r\n                        <!--Title Block-->\r\n                        <div class=\"title-block col-xl-6 col-lg-12 col-md-12 col-sm-12\">\r\n                            <div class=\"inner\">\r\n                                                                    <div class=\"sec-title\">\r\n                                        <h2>EINEN KLAREN WEG NACH<br \/>\n<span class=\"dot\">IHREN ERFOLG.<\/span><\/h2>\r\n                                        <div class=\"lower-text\">Befolgen Sie unsere Ratschl\u00e4ge und bauen Sie Ihren Bekanntheitsgrad und Ihre Glaubw\u00fcrdigkeit auf, damit Sie sich auf Ihr Gesch\u00e4ft konzentrieren k\u00f6nnen. Wir k\u00fcmmern uns um den Rest.<\/div>\r\n                                    <\/div>\r\n                                                            <\/div>\r\n                        <\/div>\r\n\r\n                        \r\n        \r\n                    <\/div>\r\n                <\/div>\r\n            <\/section>\r\n        \r\n        \r\n        \r\n\t\t\t\t<\/div>\n\t\t\t\t<\/div>\n\t\t\t\t<div class=\"elementor-element elementor-element-92c4d23 elementor-hidden-desktop elementor-hidden-tablet elementor-hidden-mobile elementor-widget elementor-widget-linoor-featured\" data-id=\"92c4d23\" data-element_type=\"widget\" data-e-type=\"widget\" data-widget_type=\"linoor-featured.default\">\n\t\t\t\t<div class=\"elementor-widget-container\">\n\t\t\t\t\t\r\n        \r\n        \r\n        \r\n\r\n        \r\n            <!-- We Work Section -->\r\n            <section class=\"we-work-section\">\r\n                <div class=\"auto-container\">\r\n                                            <div class=\"sec-title centered\">\r\n                            <h2>Exzellenz f\u00fcr <br \/><span class=\"dot\">alle unsere Kunden.<\/span><\/h2>\r\n                        <\/div>\r\n                                        <!--Work Tabs-->\r\n                    <div class=\"work-tabs tabs-box\">\r\n\r\n                        <!--Tab Btns-->\r\n                        <ul class=\"tab-btns tab-buttons clearfix ml-0 list-unstyled\">\r\n                                                                                                                        <li data-tab=\"#feature-tab-1\" class=\"tab-btn active-btn\"><span>Neueste Technologie<\/span><\/li>\r\n                                                                                                                            <li data-tab=\"#feature-tab-2\" class=\"tab-btn\"><span>awesome support<\/span><\/li>\r\n                                                                                                                            <li data-tab=\"#feature-tab-3\" class=\"tab-btn\"><span>1 click demo install<\/span><\/li>\r\n                                                                                    <\/ul>\r\n\r\n                        <!--Tabs Container-->\r\n                        <div class=\"tabs-content\">\r\n                                                                                                                        <!--Tab-->\r\n                                <div class=\"tab active-tab\" id=\"feature-tab-1\">\r\n                                    <div class=\"row clearfix\">\r\n                                        <div class=\"image-col col-lg-5 col-md-6 col-sm-12\">\r\n                                            <div class=\"inner\">\r\n                                                <div class=\"image\">\r\n                                                    <img decoding=\"async\" class=\"lazyload\" src=\"data:image\/gif;base64,R0lGODlhAQABAIAAAAAAAP\/\/\/yH5BAEAAAAALAAAAAABAAEAAAIBRAA7\" data-src=\"http:\/\/layerdrops.com\/linoorwp\/wp-content\/uploads\/2021\/01\/featured-image-14.jpg\" alt=\"\"><noscript><img data-recalc-dims=\"1\" decoding=\"async\" class=\"lazyload\" src=\"https:\/\/i0.wp.com\/layerdrops.com\/linoorwp\/wp-content\/uploads\/2021\/01\/featured-image-14.jpg\" alt=\"\"><\/noscript>\r\n                                                <\/div>\r\n                                            <\/div>\r\n                                        <\/div>\r\n                                        <div class=\"text-col col-lg-7 col-md-6 col-sm-12\">\r\n                                            <div class=\"inner\">\r\n                                                <div class=\"content\">\r\n                                                    <div class=\"text\">\r\n                                                        <p>Es sind viele Variationen von Passagen von lorem ipsum verf\u00fcgbar, aber\n                                                    Die meisten wurden in irgendeiner Form ver\u00e4ndert, z.B. durch eingespritzte W\u00f6rter.\n                                                    Humor, oder zuf\u00e4llige W\u00f6rter, die nicht einmal leicht\n                                                    glaubhaft erscheinen.<\/p>\n                                                <p class=\"theme_color\">Wenn Sie eine Passage aus Lorem Ipsum verwenden wollen,\n                                                    m\u00fcssen Sie sich vergewissern, dass nichts Peinliches im Hintergrund verborgen ist.\n                                                    in der Mitte des Textes. <\/p>\r\n                                                                                                                <ul class=\"m-0 list-unstyled\">\r\n                                                                                                                            <li>Self-contained, state-of-the-art time clock<\/li>\r\n                                                                                                                            <li>Skalierbarkeit von bis zu 500 Mitarbeitern pro Zeituhr<\/li>\r\n                                                                                                                            <li>Die M\u00f6glichkeit, bis zu 32 Zeituhren anzuschlie\u00dfen<\/li>\r\n                                                                                                                            <li>Employee self-enrollment<\/li>\r\n                                                                                                                    <\/ul>\r\n                                                    <\/div>\r\n                                                <\/div>\r\n                                            <\/div>\r\n                                        <\/div>\r\n                                    <\/div>\r\n                                <\/div>\r\n                                                                                                                            <!--Tab-->\r\n                                <div class=\"tab\" id=\"feature-tab-2\">\r\n                                    <div class=\"row clearfix\">\r\n                                        <div class=\"image-col col-lg-5 col-md-6 col-sm-12\">\r\n                                            <div class=\"inner\">\r\n                                                <div class=\"image\">\r\n                                                    <img decoding=\"async\" class=\"lazyload\" src=\"data:image\/gif;base64,R0lGODlhAQABAIAAAAAAAP\/\/\/yH5BAEAAAAALAAAAAABAAEAAAIBRAA7\" data-src=\"http:\/\/layerdrops.com\/linoorwp\/wp-content\/uploads\/2021\/01\/featured-tab-2.jpg\" alt=\"\"><noscript><img data-recalc-dims=\"1\" decoding=\"async\" class=\"lazyload\" src=\"https:\/\/i0.wp.com\/layerdrops.com\/linoorwp\/wp-content\/uploads\/2021\/01\/featured-tab-2.jpg\" alt=\"\"><\/noscript>\r\n                                                <\/div>\r\n                                            <\/div>\r\n                                        <\/div>\r\n                                        <div class=\"text-col col-lg-7 col-md-6 col-sm-12\">\r\n                                            <div class=\"inner\">\r\n                                                <div class=\"content\">\r\n                                                    <div class=\"text\">\r\n                                                        <p>Es sind viele Variationen von Passagen von lorem ipsum verf\u00fcgbar, aber\n                                                    Die meisten wurden in irgendeiner Form ver\u00e4ndert, z.B. durch eingespritzte W\u00f6rter.\n                                                    Humor, oder zuf\u00e4llige W\u00f6rter, die nicht einmal leicht\n                                                    glaubhaft erscheinen.<\/p>\n                                                <p class=\"theme_color\">Wenn Sie eine Passage aus Lorem Ipsum verwenden wollen,\n                                                    m\u00fcssen Sie sich vergewissern, dass nichts Peinliches im Hintergrund verborgen ist.\n                                                    in der Mitte des Textes. <\/p>\r\n                                                                                                                <ul class=\"m-0 list-unstyled\">\r\n                                                                                                                            <li>Self-contained, state-of-the-art time clock<\/li>\r\n                                                                                                                            <li>Skalierbarkeit von bis zu 500 Mitarbeitern pro Zeituhr<\/li>\r\n                                                                                                                            <li>Die M\u00f6glichkeit, bis zu 32 Zeituhren anzuschlie\u00dfen<\/li>\r\n                                                                                                                            <li>Employee self-enrollment<\/li>\r\n                                                                                                                    <\/ul>\r\n                                                    <\/div>\r\n                                                <\/div>\r\n                                            <\/div>\r\n                                        <\/div>\r\n                                    <\/div>\r\n                                <\/div>\r\n                                                                                                                            <!--Tab-->\r\n                                <div class=\"tab\" id=\"feature-tab-3\">\r\n                                    <div class=\"row clearfix\">\r\n                                        <div class=\"image-col col-lg-5 col-md-6 col-sm-12\">\r\n                                            <div class=\"inner\">\r\n                                                <div class=\"image\">\r\n                                                    <img decoding=\"async\" class=\"lazyload\" src=\"data:image\/gif;base64,R0lGODlhAQABAIAAAAAAAP\/\/\/yH5BAEAAAAALAAAAAABAAEAAAIBRAA7\" data-src=\"http:\/\/layerdrops.com\/linoorwp\/wp-content\/uploads\/2021\/01\/featured-tab-1.jpg\" alt=\"\"><noscript><img data-recalc-dims=\"1\" decoding=\"async\" class=\"lazyload\" src=\"https:\/\/i0.wp.com\/layerdrops.com\/linoorwp\/wp-content\/uploads\/2021\/01\/featured-tab-1.jpg\" alt=\"\"><\/noscript>\r\n                                                <\/div>\r\n                                            <\/div>\r\n                                        <\/div>\r\n                                        <div class=\"text-col col-lg-7 col-md-6 col-sm-12\">\r\n                                            <div class=\"inner\">\r\n                                                <div class=\"content\">\r\n                                                    <div class=\"text\">\r\n                                                        <p>Es sind viele Variationen von Passagen von lorem ipsum verf\u00fcgbar, aber\n                                                    Die meisten wurden in irgendeiner Form ver\u00e4ndert, z.B. durch eingespritzte W\u00f6rter.\n                                                    Humor, oder zuf\u00e4llige W\u00f6rter, die nicht einmal leicht\n                                                    glaubhaft erscheinen.<\/p>\n                                                <p class=\"theme_color\">Wenn Sie eine Passage aus Lorem Ipsum verwenden wollen,\n                                                    m\u00fcssen Sie sich vergewissern, dass nichts Peinliches im Hintergrund verborgen ist.\n                                                    in der Mitte des Textes. <\/p>\r\n                                                                                                                <ul class=\"m-0 list-unstyled\">\r\n                                                                                                                            <li>Self-contained, state-of-the-art time clock<\/li>\r\n                                                                                                                            <li>Skalierbarkeit von bis zu 500 Mitarbeitern pro Zeituhr<\/li>\r\n                                                                                                                            <li>Die M\u00f6glichkeit, bis zu 32 Zeituhren anzuschlie\u00dfen<\/li>\r\n                                                                                                                            <li>Employee self-enrollment<\/li>\r\n                                                                                                                    <\/ul>\r\n                                                    <\/div>\r\n                                                <\/div>\r\n                                            <\/div>\r\n                                        <\/div>\r\n                                    <\/div>\r\n                                <\/div>\r\n                                                            \r\n\r\n\r\n                        <\/div>\r\n                    <\/div>\r\n                <\/div>\r\n            <\/section>\r\n\r\n\r\n        \r\n        \r\n        \r\n        \r\n\r\n\t\t\t\t<\/div>\n\t\t\t\t<\/div>\n\t\t\t\t\t<\/div>\n\t\t<\/div>\n\t\t\t\t\t<\/div>\n\t\t<\/section>\n\t\t\t\t<section class=\"elementor-section elementor-top-section elementor-element elementor-element-6aa256e elementor-section-full_width elementor-section-height-default elementor-section-height-default\" data-id=\"6aa256e\" data-element_type=\"section\" data-e-type=\"section\">\n\t\t\t\t\t\t<div class=\"elementor-container elementor-column-gap-no\">\n\t\t\t\t\t<div class=\"elementor-column elementor-col-100 elementor-top-column elementor-element elementor-element-3ac058c\" data-id=\"3ac058c\" data-element_type=\"column\" data-e-type=\"column\">\n\t\t\t<div class=\"elementor-widget-wrap elementor-element-populated\">\n\t\t\t\t\t\t<div class=\"elementor-element elementor-element-b8e9fed elementor-widget elementor-widget-linoor-service\" data-id=\"b8e9fed\" data-element_type=\"widget\" data-e-type=\"widget\" data-widget_type=\"linoor-service.default\">\n\t\t\t\t<div class=\"elementor-widget-container\">\n\t\t\t\t\t\r\n        \r\n        \r\n                    <!--Services Section-->\r\n            <section class=\"services-section-three\">\r\n                <div class=\"auto-container\">\r\n                                            <div class=\"sec-title centered\">\r\n                            <h2>Alle unsere Dienstleistungen<\/h2>\r\n                        <\/div>\r\n                    \r\n                    <div class=\"services\">\r\n                        <div class=\"row clearfix\">\r\n                                        <!--Service Block-->\r\n            <div class=\"service-block-two col-xl-3 col-lg-6 col-md-6 col-sm-12\">\r\n                <div class=\"inner-box wow fadeInUp\" data-wow-delay=\"0ms\" data-wow-duration=\"1500ms\">\r\n                    <div class=\"bottom-curve\"><\/div>\r\n                                        <div class=\"icon-box\"><span class=\"fab\"><\/span><\/div>\r\n                    <h5><a href=\"https:\/\/numeractive.ch\/de\/service\/prospecting-linkedin\/\">Automatisierung der Prospektion<\/a><\/h5>\r\n                    <div class=\"text\">Sparen Sie Zeit, gewinnen Sie Kunden: Prospektionsautomatisierung Bei NUMERACTIVE wissen wir, wie wichtig die Entwicklung effektiver Prospektionsstrategien ist<\/div>\r\n                    <div class=\"link-box\"><a href=\"https:\/\/numeractive.ch\/de\/service\/prospecting-linkedin\/\"><span class=\"fa fa-angle-right\"><\/span><\/a><\/div>\r\n                <\/div>\r\n            <\/div>\r\n                    <!--Service Block-->\r\n            <div class=\"service-block-two col-xl-3 col-lg-6 col-md-6 col-sm-12\">\r\n                <div class=\"inner-box wow fadeInUp\" data-wow-delay=\"0ms\" data-wow-duration=\"1500ms\">\r\n                    <div class=\"bottom-curve\"><\/div>\r\n                                        <div class=\"icon-box\"><span class=\"fas\"><\/span><\/div>\r\n                    <h5><a href=\"https:\/\/numeractive.ch\/de\/service\/influencer-tv-presse\/\">Selbstvermarktung<\/a><\/h5>\r\n                    <div class=\"text\">Gestalten Sie Ihre digitale Identit\u00e4t mit Personal BrandingPersonal Branding entwickelt sich zu einer unverzichtbaren Strategie f\u00fcr ehrgeizige Menschen, die sich Sorgen machen<\/div>\r\n                    <div class=\"link-box\"><a href=\"https:\/\/numeractive.ch\/de\/service\/influencer-tv-presse\/\"><span class=\"fa fa-angle-right\"><\/span><\/a><\/div>\r\n                <\/div>\r\n            <\/div>\r\n                    <!--Service Block-->\r\n            <div class=\"service-block-two col-xl-3 col-lg-6 col-md-6 col-sm-12\">\r\n                <div class=\"inner-box wow fadeInUp\" data-wow-delay=\"0ms\" data-wow-duration=\"1500ms\">\r\n                    <div class=\"bottom-curve\"><\/div>\r\n                                        <div class=\"icon-box\"><span class=\"fab\"><\/span><\/div>\r\n                    <h5><a href=\"https:\/\/numeractive.ch\/de\/service\/gesponserte-werbung\/\">Gesponserte Werbung<\/a><\/h5>\r\n                    <div class=\"text\">Wie kann man die Dienstleistungen seines Unternehmens bewerben? Wie verkauft man die Produkte seines Unternehmens im Internet? Dank gesponserter Anzeigen nat\u00fcrlich!<\/div>\r\n                    <div class=\"link-box\"><a href=\"https:\/\/numeractive.ch\/de\/service\/gesponserte-werbung\/\"><span class=\"fa fa-angle-right\"><\/span><\/a><\/div>\r\n                <\/div>\r\n            <\/div>\r\n                    <!--Service Block-->\r\n            <div class=\"service-block-two col-xl-3 col-lg-6 col-md-6 col-sm-12\">\r\n                <div class=\"inner-box wow fadeInUp\" data-wow-delay=\"0ms\" data-wow-duration=\"1500ms\">\r\n                    <div class=\"bottom-curve\"><\/div>\r\n                                        <div class=\"icon-box\"><span class=\"\"><\/span><\/div>\r\n                    <h5><a href=\"https:\/\/numeractive.ch\/de\/service\/community-management\/\">Community Management<\/a><\/h5>\r\n                    <div class=\"text\">Engagieren, interagieren, gedeihen: Ihre Community, unser Fachwissen. Das Herzst\u00fcck jeder erfolgreichen digitalen Strategie ist ein sorgf\u00e4ltiges t\u00e4gliches Management und<\/div>\r\n                    <div class=\"link-box\"><a href=\"https:\/\/numeractive.ch\/de\/service\/community-management\/\"><span class=\"fa fa-angle-right\"><\/span><\/a><\/div>\r\n                <\/div>\r\n            <\/div>\r\n                    <!--Service Block-->\r\n            <div class=\"service-block-two col-xl-3 col-lg-6 col-md-6 col-sm-12\">\r\n                <div class=\"inner-box wow fadeInUp\" data-wow-delay=\"0ms\" data-wow-duration=\"1500ms\">\r\n                    <div class=\"bottom-curve\"><\/div>\r\n                                        <div class=\"icon-box\"><span class=\"\"><\/span><\/div>\r\n                    <h5><a href=\"https:\/\/numeractive.ch\/de\/service\/site-web-referencement\/\">Website<\/a><\/h5>\r\n                    <div class=\"text\">Ihre Website, unser Know-how Ihre Website ist viel mehr als ein einfacher Online-Auftritt. Es ist ein Spiegelbild von Ihnen<\/div>\r\n                    <div class=\"link-box\"><a href=\"https:\/\/numeractive.ch\/de\/service\/site-web-referencement\/\"><span class=\"fa fa-angle-right\"><\/span><\/a><\/div>\r\n                <\/div>\r\n            <\/div>\r\n                    <!--Service Block-->\r\n            <div class=\"service-block-two col-xl-3 col-lg-6 col-md-6 col-sm-12\">\r\n                <div class=\"inner-box wow fadeInUp\" data-wow-delay=\"0ms\" data-wow-duration=\"1500ms\">\r\n                    <div class=\"bottom-curve\"><\/div>\r\n                                        <div class=\"icon-box\"><span class=\"\"><\/span><\/div>\r\n                    <h5><a href=\"https:\/\/numeractive.ch\/de\/service\/seo\/\">SEO<\/a><\/h5>\r\n                    <div class=\"text\">Auf der Pole-Position im Web Unser SEO-Know-how Heutzutage ist es f\u00fcr den Erfolg eines jeden Unternehmens wichtig, online sichtbar zu sein<\/div>\r\n                    <div class=\"link-box\"><a href=\"https:\/\/numeractive.ch\/de\/service\/seo\/\"><span class=\"fa fa-angle-right\"><\/span><\/a><\/div>\r\n                <\/div>\r\n            <\/div>\r\n                                <\/div>\r\n                    <\/div>\r\n                <\/div>\r\n            <\/section>\r\n        \r\n\t\t\t\t<\/div>\n\t\t\t\t<\/div>\n\t\t\t\t<div class=\"elementor-element elementor-element-5320561 elementor-widget elementor-widget-linoor-service\" data-id=\"5320561\" data-element_type=\"widget\" data-e-type=\"widget\" data-widget_type=\"linoor-service.default\">\n\t\t\t\t<div class=\"elementor-widget-container\">\n\t\t\t\t\t\r\n        \r\n        \r\n                    <!--Services Section-->\r\n            <section class=\"services-section-three\">\r\n                <div class=\"auto-container\">\r\n                    \r\n                    <div class=\"services\">\r\n                        <div class=\"row clearfix\">\r\n                                                    <\/div>\r\n                    <\/div>\r\n                <\/div>\r\n            <\/section>\r\n        \r\n\t\t\t\t<\/div>\n\t\t\t\t<\/div>\n\t\t\t\t\t<\/div>\n\t\t<\/div>\n\t\t\t\t\t<\/div>\n\t\t<\/section>\n\t\t\t\t<section class=\"elementor-section elementor-top-section elementor-element elementor-element-6b09448 elementor-section-full_width elementor-section-height-default elementor-section-height-default\" data-id=\"6b09448\" data-element_type=\"section\" data-e-type=\"section\">\n\t\t\t\t\t\t<div class=\"elementor-container elementor-column-gap-no\">\n\t\t\t\t\t<div class=\"elementor-column elementor-col-100 elementor-top-column elementor-element elementor-element-e0134f6\" data-id=\"e0134f6\" data-element_type=\"column\" data-e-type=\"column\">\n\t\t\t<div class=\"elementor-widget-wrap elementor-element-populated\">\n\t\t\t\t\t\t<div class=\"elementor-element elementor-element-3bd7e4b elementor-widget elementor-widget-linoor-call-to-action\" data-id=\"3bd7e4b\" data-element_type=\"widget\" data-e-type=\"widget\" data-widget_type=\"linoor-call-to-action.default\">\n\t\t\t\t<div class=\"elementor-widget-container\">\n\t\t\t\t\t\r\n        \r\n        \r\n        \r\n        \r\n        \r\n            <!-- Call To Section -->\r\n            <section class=\"call-to-section-two alternate\">\r\n                <div class=\"auto-container\">\r\n                    <div class=\"inner clearfix\">\r\n                        <h2>WIR SIND BEREIT  <br> IHRE Herausforderungen anzunehmen<\/h2>\r\n                        <div class=\"link-box\">\r\n                            <a class=\"theme-btn btn-style-two\" href=\"https:\/\/numeractive.ch\/de\/31-revision-v1\/\">\r\n                                <i class=\"btn-curve\"><\/i>\r\n                                <span class=\"btn-title\">TRETEN SIE IN KONTAKT<\/span>\r\n                            <\/a>\r\n                        <\/div>\r\n                    <\/div>\r\n                <\/div>\r\n            <\/section>\r\n\r\n\r\n\r\n        \r\n\r\n\t\t\t\t<\/div>\n\t\t\t\t<\/div>\n\t\t\t\t\t<\/div>\n\t\t<\/div>\n\t\t\t\t\t<\/div>\n\t\t<\/section>\n\t\t\t\t<\/div>","protected":false},"excerpt":{"rendered":"<p>UN CHEMIN CLAIR VERS VOTRE R\u00c9USSITE. Suivez nos conseils et construisez votre notori\u00e9t\u00e9 et votre cr\u00e9dibilit\u00e9: vous n\u2019aurez plus qu\u2019\u00e0 vous concentrer sur votre business. Nous nous occupons du reste. L\u2019excellence pour tous nos clients. Latest technology awesome support 1 click demo install There are many variations of passages of lorem ipsum available, but the [&hellip;]<\/p>\n","protected":false},"author":2,"featured_media":0,"parent":0,"menu_order":0,"comment_status":"closed","ping_status":"closed","template":"elementor_header_footer","meta":{"footnotes":""},"class_list":["post-27","page","type-page","status-publish","hentry"],"jetpack_sharing_enabled":true,"_links":{"self":[{"href":"https:\/\/numeractive.ch\/de\/wp-json\/wp\/v2\/pages\/27","targetHints":{"allow":["GET"]}}],"collection":[{"href":"https:\/\/numeractive.ch\/de\/wp-json\/wp\/v2\/pages"}],"about":[{"href":"https:\/\/numeractive.ch\/de\/wp-json\/wp\/v2\/types\/page"}],"author":[{"embeddable":true,"href":"https:\/\/numeractive.ch\/de\/wp-json\/wp\/v2\/users\/2"}],"replies":[{"embeddable":true,"href":"https:\/\/numeractive.ch\/de\/wp-json\/wp\/v2\/comments?post=27"}],"version-history":[{"count":79,"href":"https:\/\/numeractive.ch\/de\/wp-json\/wp\/v2\/pages\/27\/revisions"}],"predecessor-version":[{"id":32057,"href":"https:\/\/numeractive.ch\/de\/wp-json\/wp\/v2\/pages\/27\/revisions\/32057"}],"wp:attachment":[{"href":"https:\/\/numeractive.ch\/de\/wp-json\/wp\/v2\/media?parent=27"}],"curies":[{"name":"wp","href":"https:\/\/api.w.org\/{rel}","templated":true}]}}