{"id":29874,"date":"2021-08-18T11:34:11","date_gmt":"2021-08-18T09:34:11","guid":{"rendered":"https:\/\/numeractive.ch\/?page_id=29874"},"modified":"2024-03-28T12:37:22","modified_gmt":"2024-03-28T11:37:22","slug":"vertraulichkeit-und-bedingungen","status":"publish","type":"page","link":"https:\/\/numeractive.ch\/de\/vertraulichkeit-und-bedingungen\/","title":{"rendered":"Datenschutz Und Bedingungen"},"content":{"rendered":"<div data-elementor-type=\"wp-page\" data-elementor-id=\"29874\" class=\"elementor elementor-29874\" data-elementor-post-type=\"page\">\n\t\t\t\t\t\t<section class=\"elementor-section elementor-top-section elementor-element elementor-element-b5070d2 elementor-section-boxed elementor-section-height-default elementor-section-height-default\" data-id=\"b5070d2\" data-element_type=\"section\" data-e-type=\"section\">\n\t\t\t\t\t\t<div class=\"elementor-container elementor-column-gap-default\">\n\t\t\t\t\t<div class=\"elementor-column elementor-col-100 elementor-top-column elementor-element elementor-element-7389ee5\" data-id=\"7389ee5\" data-element_type=\"column\" data-e-type=\"column\">\n\t\t\t<div class=\"elementor-widget-wrap elementor-element-populated\">\n\t\t\t\t\t\t<div class=\"elementor-element elementor-element-3d6e11a elementor-widget elementor-widget-spacer\" data-id=\"3d6e11a\" data-element_type=\"widget\" data-e-type=\"widget\" data-widget_type=\"spacer.default\">\n\t\t\t\t<div class=\"elementor-widget-container\">\n\t\t\t\t\t\t\t<div class=\"elementor-spacer\">\n\t\t\t<div class=\"elementor-spacer-inner\"><\/div>\n\t\t<\/div>\n\t\t\t\t\t\t<\/div>\n\t\t\t\t<\/div>\n\t\t\t\t<div class=\"elementor-element elementor-element-dc137a4 elementor-widget elementor-widget-heading\" data-id=\"dc137a4\" data-element_type=\"widget\" data-e-type=\"widget\" data-widget_type=\"heading.default\">\n\t\t\t\t<div class=\"elementor-widget-container\">\n\t\t\t\t\t<h5 class=\"elementor-heading-title elementor-size-default\"><span class=\"dot\">Die Informationen, die wir sammeln .<\/span><\/h5>\t\t\t\t<\/div>\n\t\t\t\t<\/div>\n\t\t\t\t<div class=\"elementor-element elementor-element-f7eea25 elementor-widget elementor-widget-html\" data-id=\"f7eea25\" data-element_type=\"widget\" data-e-type=\"widget\" data-widget_type=\"html.default\">\n\t\t\t\t<div class=\"elementor-widget-container\">\n\t\t\t\t\t<div style=\"font-size:30px;\" class=\"text\">Bei der Verwaltung und Pflege unserer Website k\u00f6nnen wir Ihre folgenden Daten erheben und verarbeiten:\r\n   \r\n<\/div>\r\n<div style=\"font-size:25px;\" class=\"text\">\r\n     <ul>\r\n         <li>Informationen \u00fcber Ihre Nutzung unserer Website, einschlie\u00dflich Details zu Ihren Besuchen, z. B. welche Seiten Sie aufrufen und auf welche Ressourcen Sie zugreifen. Zu diesen Informationen geh\u00f6ren Verkehrsdaten, Standortdaten und andere Kommunikationsdaten.<\/li>\r\n            <li>Informationen, die Sie freiwillig zur Verf\u00fcgung stellen. Zum Beispiel, wenn Sie sich f\u00fcr den Erhalt von Informationen registrieren.\r\n<\/li>\r\n    <li>Informationen, die Sie bereitstellen, wenn Sie mit uns auf irgendeine Weise kommunizieren.\r\n<\/li>\r\n    <\/ul>\r\n   \r\n<\/div>\r\n\r\n \r\n   \t\t\t\t<\/div>\n\t\t\t\t<\/div>\n\t\t\t\t\t<\/div>\n\t\t<\/div>\n\t\t\t\t\t<\/div>\n\t\t<\/section>\n\t\t\t\t<section class=\"elementor-section elementor-top-section elementor-element elementor-element-b5d1ec6 elementor-section-boxed elementor-section-height-default elementor-section-height-default\" data-id=\"b5d1ec6\" data-element_type=\"section\" data-e-type=\"section\">\n\t\t\t\t\t\t<div class=\"elementor-container elementor-column-gap-default\">\n\t\t\t\t\t<div class=\"elementor-column elementor-col-100 elementor-top-column elementor-element elementor-element-9035e94\" data-id=\"9035e94\" data-element_type=\"column\" data-e-type=\"column\">\n\t\t\t<div class=\"elementor-widget-wrap elementor-element-populated\">\n\t\t\t\t\t\t<div class=\"elementor-element elementor-element-143ab06 elementor-widget elementor-widget-spacer\" data-id=\"143ab06\" data-element_type=\"widget\" data-e-type=\"widget\" data-widget_type=\"spacer.default\">\n\t\t\t\t<div class=\"elementor-widget-container\">\n\t\t\t\t\t\t\t<div class=\"elementor-spacer\">\n\t\t\t<div class=\"elementor-spacer-inner\"><\/div>\n\t\t<\/div>\n\t\t\t\t\t\t<\/div>\n\t\t\t\t<\/div>\n\t\t\t\t<div class=\"elementor-element elementor-element-8b324c1 elementor-widget elementor-widget-heading\" data-id=\"8b324c1\" data-element_type=\"widget\" data-e-type=\"widget\" data-widget_type=\"heading.default\">\n\t\t\t\t<div class=\"elementor-widget-container\">\n\t\t\t\t\t<h5 class=\"elementor-heading-title elementor-size-default\"><span class=\"dot\">Verwendung von Cookies .<\/span><\/h5>\t\t\t\t<\/div>\n\t\t\t\t<\/div>\n\t\t\t\t<div class=\"elementor-element elementor-element-8ad37c2 elementor-widget elementor-widget-html\" data-id=\"8ad37c2\" data-element_type=\"widget\" data-e-type=\"widget\" data-widget_type=\"html.default\">\n\t\t\t\t<div class=\"elementor-widget-container\">\n\t\t\t\t\t<div style=\"font-size:30px;\" class=\"text\">\r\n    Cookies liefern Informationen \u00fcber den von einem Besucher verwendeten Computer. Wir k\u00f6nnen gegebenenfalls Cookies verwenden, um Informationen \u00fcber Ihren Computer zu sammeln, die uns helfen, unsere Website zu verbessern.\r\n\r\nWir k\u00f6nnen mithilfe von Cookies Informationen \u00fcber Ihre allgemeine Nutzung des Internets sammeln. Wenn sie verwendet werden, werden diese Cookies auf Ihren Computer heruntergeladen und auf der Festplatte des Computers gespeichert. Diese Informationen identifizieren Sie nicht pers\u00f6nlich. Es handelt sich um statistische Daten. Diese statistischen Daten identifizieren keine pers\u00f6nlichen Details.\r\n\r\nSie k\u00f6nnen die Einstellungen Ihres Computers anpassen, um Cookies abzulehnen, wenn Sie dies w\u00fcnschen. Dies kann leicht geschehen, indem Sie die Einstellung zum Ablehnen von Cookies auf Ihrem Computer aktivieren.\r\n   \r\n<\/div>\r\n\r\n \r\n   \t\t\t\t<\/div>\n\t\t\t\t<\/div>\n\t\t\t\t\t<\/div>\n\t\t<\/div>\n\t\t\t\t\t<\/div>\n\t\t<\/section>\n\t\t\t\t<section class=\"elementor-section elementor-top-section elementor-element elementor-element-a2cbc49 elementor-section-boxed elementor-section-height-default elementor-section-height-default\" data-id=\"a2cbc49\" data-element_type=\"section\" data-e-type=\"section\">\n\t\t\t\t\t\t<div class=\"elementor-container elementor-column-gap-default\">\n\t\t\t\t\t<div class=\"elementor-column elementor-col-100 elementor-top-column elementor-element elementor-element-9c3564a\" data-id=\"9c3564a\" data-element_type=\"column\" data-e-type=\"column\">\n\t\t\t<div class=\"elementor-widget-wrap elementor-element-populated\">\n\t\t\t\t\t\t<div class=\"elementor-element elementor-element-1fa2744 elementor-widget elementor-widget-spacer\" data-id=\"1fa2744\" data-element_type=\"widget\" data-e-type=\"widget\" data-widget_type=\"spacer.default\">\n\t\t\t\t<div class=\"elementor-widget-container\">\n\t\t\t\t\t\t\t<div class=\"elementor-spacer\">\n\t\t\t<div class=\"elementor-spacer-inner\"><\/div>\n\t\t<\/div>\n\t\t\t\t\t\t<\/div>\n\t\t\t\t<\/div>\n\t\t\t\t<div class=\"elementor-element elementor-element-d8fce2b elementor-widget elementor-widget-heading\" data-id=\"d8fce2b\" data-element_type=\"widget\" data-e-type=\"widget\" data-widget_type=\"heading.default\">\n\t\t\t\t<div class=\"elementor-widget-container\">\n\t\t\t\t\t<h5 class=\"elementor-heading-title elementor-size-default\"><span class=\"dot\">Verwendung Ihrer Informationen\n .<\/span><\/h5>\t\t\t\t<\/div>\n\t\t\t\t<\/div>\n\t\t\t\t<div class=\"elementor-element elementor-element-a2fa0ac elementor-widget elementor-widget-html\" data-id=\"a2fa0ac\" data-element_type=\"widget\" data-e-type=\"widget\" data-widget_type=\"html.default\">\n\t\t\t\t<div class=\"elementor-widget-container\">\n\t\t\t\t\t<div style=\"font-size:30px;\" class=\"text\">Wir verwenden die Informationen, die wir von Ihnen sammeln, um Ihnen unsere Dienstleistungen anzubieten. Dar\u00fcber hinaus k\u00f6nnen wir die Informationen f\u00fcr einen oder mehrere der folgenden Zwecke verwenden:\r\n<\/div>\r\n<div style=\"font-size:25px;\" class=\"text\">\r\n     <ul>\r\n         <li>Um Ihnen die von Ihnen angeforderten Informationen \u00fcber unsere Programme oder Dienstleistungen zur Verf\u00fcgung zu stellen.\r\n<\/li>\r\n            <li>Um Ihnen Informationen \u00fcber andere Informationen zukommen zu lassen, die f\u00fcr Sie von Interesse sein k\u00f6nnten.\r\n<\/li>\r\n    <\/ul>\r\n   \r\n<\/div>\r\n\r\n \r\n   \t\t\t\t<\/div>\n\t\t\t\t<\/div>\n\t\t\t\t\t<\/div>\n\t\t<\/div>\n\t\t\t\t\t<\/div>\n\t\t<\/section>\n\t\t\t\t<section class=\"elementor-section elementor-top-section elementor-element elementor-element-bb149ac elementor-section-boxed elementor-section-height-default elementor-section-height-default\" data-id=\"bb149ac\" data-element_type=\"section\" data-e-type=\"section\">\n\t\t\t\t\t\t<div class=\"elementor-container elementor-column-gap-default\">\n\t\t\t\t\t<div class=\"elementor-column elementor-col-100 elementor-top-column elementor-element elementor-element-0486c19\" data-id=\"0486c19\" data-element_type=\"column\" data-e-type=\"column\">\n\t\t\t<div class=\"elementor-widget-wrap elementor-element-populated\">\n\t\t\t\t\t\t<div class=\"elementor-element elementor-element-038ea77 elementor-widget elementor-widget-spacer\" data-id=\"038ea77\" data-element_type=\"widget\" data-e-type=\"widget\" data-widget_type=\"spacer.default\">\n\t\t\t\t<div class=\"elementor-widget-container\">\n\t\t\t\t\t\t\t<div class=\"elementor-spacer\">\n\t\t\t<div class=\"elementor-spacer-inner\"><\/div>\n\t\t<\/div>\n\t\t\t\t\t\t<\/div>\n\t\t\t\t<\/div>\n\t\t\t\t<div class=\"elementor-element elementor-element-9c809d3 elementor-widget elementor-widget-heading\" data-id=\"9c809d3\" data-element_type=\"widget\" data-e-type=\"widget\" data-widget_type=\"heading.default\">\n\t\t\t\t<div class=\"elementor-widget-container\">\n\t\t\t\t\t<h5 class=\"elementor-heading-title elementor-size-default\"><span class=\"dot\"> Speicherung Ihrer pers\u00f6nlichen Daten .<\/span><\/h5>\t\t\t\t<\/div>\n\t\t\t\t<\/div>\n\t\t\t\t<div class=\"elementor-element elementor-element-810bc63 elementor-widget elementor-widget-html\" data-id=\"810bc63\" data-element_type=\"widget\" data-e-type=\"widget\" data-widget_type=\"html.default\">\n\t\t\t\t<div class=\"elementor-widget-container\">\n\t\t\t\t\t<div style=\"font-size:30px;\" class=\"text\">\r\n    W\u00e4hrend des Betriebs unserer Website kann es notwendig sein, die Daten, die wir von Ihnen sammeln, zur Verarbeitung und Speicherung an unsere Serverstandorte zu \u00fcbertragen. Indem Sie uns Ihre personenbezogenen Daten zur Verf\u00fcgung stellen, erkl\u00e4ren Sie sich mit dieser \u00dcbertragung, Speicherung oder Verarbeitung einverstanden. Wir bem\u00fchen uns, dass alle angemessenen Ma\u00dfnahmen ergriffen werden, um sicherzustellen, dass Ihre Daten sicher verarbeitet und gespeichert werden.\r\n\r\nLeider ist das Versenden von Informationen \u00fcber das Internet nicht v\u00f6llig sicher, und gelegentlich k\u00f6nnen diese Informationen abgefangen werden. Wir k\u00f6nnen die Sicherheit der Daten, die Sie sich entscheiden, uns elektronisch zu senden, nicht garantieren; das Senden dieser Informationen erfolgt vollst\u00e4ndig auf Ihr eigenes Risiko.\r\n<\/div>\r\n\r\n\r\n \r\n   \t\t\t\t<\/div>\n\t\t\t\t<\/div>\n\t\t\t\t\t<\/div>\n\t\t<\/div>\n\t\t\t\t\t<\/div>\n\t\t<\/section>\n\t\t\t\t<\/div>","protected":false},"excerpt":{"rendered":"<p>Les informations que nous collections . Lors de la gestion et de la maintenance de notre site Web, nous pouvons collecter et traiter vos donn\u00e9es suivantes : Informations sur votre utilisation de notre site, y compris les d\u00e9tails de vos visites, telles que les pages consult\u00e9es et les ressources auxquelles vous acc\u00e9dez. Ces informations comprennent [&hellip;]<\/p>\n","protected":false},"author":2,"featured_media":0,"parent":0,"menu_order":0,"comment_status":"closed","ping_status":"closed","template":"elementor_header_footer","meta":{"footnotes":""},"class_list":["post-29874","page","type-page","status-publish","hentry"],"jetpack_sharing_enabled":true,"_links":{"self":[{"href":"https:\/\/numeractive.ch\/de\/wp-json\/wp\/v2\/pages\/29874","targetHints":{"allow":["GET"]}}],"collection":[{"href":"https:\/\/numeractive.ch\/de\/wp-json\/wp\/v2\/pages"}],"about":[{"href":"https:\/\/numeractive.ch\/de\/wp-json\/wp\/v2\/types\/page"}],"author":[{"embeddable":true,"href":"https:\/\/numeractive.ch\/de\/wp-json\/wp\/v2\/users\/2"}],"replies":[{"embeddable":true,"href":"https:\/\/numeractive.ch\/de\/wp-json\/wp\/v2\/comments?post=29874"}],"version-history":[{"count":22,"href":"https:\/\/numeractive.ch\/de\/wp-json\/wp\/v2\/pages\/29874\/revisions"}],"predecessor-version":[{"id":29897,"href":"https:\/\/numeractive.ch\/de\/wp-json\/wp\/v2\/pages\/29874\/revisions\/29897"}],"wp:attachment":[{"href":"https:\/\/numeractive.ch\/de\/wp-json\/wp\/v2\/media?parent=29874"}],"curies":[{"name":"wp","href":"https:\/\/api.w.org\/{rel}","templated":true}]}}