{"id":27,"date":"2021-01-13T16:12:37","date_gmt":"2021-01-13T15:12:37","guid":{"rendered":"http:\/\/layerdrops.com\/linoorwp\/?page_id=27"},"modified":"2024-03-28T12:47:17","modified_gmt":"2024-03-28T11:47:17","slug":"all-services","status":"publish","type":"page","link":"https:\/\/numeractive.ch\/en\/all-services\/","title":{"rendered":"All services"},"content":{"rendered":"<div data-elementor-type=\"wp-page\" data-elementor-id=\"27\" class=\"elementor elementor-27\" data-elementor-post-type=\"page\">\n\t\t\t\t\t\t<section class=\"elementor-section elementor-top-section elementor-element elementor-element-41765b9 elementor-section-full_width elementor-section-height-default elementor-section-height-default\" data-id=\"41765b9\" data-element_type=\"section\" data-e-type=\"section\">\n\t\t\t\t\t\t<div class=\"elementor-container elementor-column-gap-no\">\n\t\t\t\t\t<div class=\"elementor-column elementor-col-100 elementor-top-column elementor-element elementor-element-e00d5fe\" data-id=\"e00d5fe\" data-element_type=\"column\" data-e-type=\"column\">\n\t\t\t<div class=\"elementor-widget-wrap elementor-element-populated\">\n\t\t\t\t\t\t<div class=\"elementor-element elementor-element-313e349 elementor-widget elementor-widget-linoor-service\" data-id=\"313e349\" data-element_type=\"widget\" data-e-type=\"widget\" data-widget_type=\"linoor-service.default\">\n\t\t\t\t<div class=\"elementor-widget-container\">\n\t\t\t\t\t\r\n                    <!--Services Section-->\r\n            <section class=\"services-section\">\r\n                <div class=\"auto-container\">\r\n                    <div class=\"row clearfix\">\r\n                        <!--Title Block-->\r\n                        <div class=\"title-block col-xl-6 col-lg-12 col-md-12 col-sm-12\">\r\n                            <div class=\"inner\">\r\n                                                                    <div class=\"sec-title\">\r\n                                        <h2>A CLEAR PATH TO<br \/>\n<span class=\"dot\">YOUR SUCCESS.<\/span><\/h2>\r\n                                        <div class=\"lower-text\">Follow our advice and build your notoriety and credibility: all you have to do is focus on your business. We'll take care of the rest.<\/div>\r\n                                    <\/div>\r\n                                                            <\/div>\r\n                        <\/div>\r\n\r\n                        \r\n        \r\n                    <\/div>\r\n                <\/div>\r\n            <\/section>\r\n        \r\n        \r\n        \r\n\t\t\t\t<\/div>\n\t\t\t\t<\/div>\n\t\t\t\t<div class=\"elementor-element elementor-element-92c4d23 elementor-hidden-desktop elementor-hidden-tablet elementor-hidden-mobile elementor-widget elementor-widget-linoor-featured\" data-id=\"92c4d23\" data-element_type=\"widget\" data-e-type=\"widget\" data-widget_type=\"linoor-featured.default\">\n\t\t\t\t<div class=\"elementor-widget-container\">\n\t\t\t\t\t\r\n        \r\n        \r\n        \r\n\r\n        \r\n            <!-- We Work Section -->\r\n            <section class=\"we-work-section\">\r\n                <div class=\"auto-container\">\r\n                                            <div class=\"sec-title centered\">\r\n                            <h2>Excellence for <br \/><span class=\"dot\">all our customers.<\/span><\/h2>\r\n                        <\/div>\r\n                                        <!--Work Tabs-->\r\n                    <div class=\"work-tabs tabs-box\">\r\n\r\n                        <!--Tab Btns-->\r\n                        <ul class=\"tab-btns tab-buttons clearfix ml-0 list-unstyled\">\r\n                                                                                                                        <li data-tab=\"#feature-tab-1\" class=\"tab-btn active-btn\"><span>Latest technology<\/span><\/li>\r\n                                                                                                                            <li data-tab=\"#feature-tab-2\" class=\"tab-btn\"><span>awesome support<\/span><\/li>\r\n                                                                                                                            <li data-tab=\"#feature-tab-3\" class=\"tab-btn\"><span>1 click demo install<\/span><\/li>\r\n                                                                                    <\/ul>\r\n\r\n                        <!--Tabs Container-->\r\n                        <div class=\"tabs-content\">\r\n                                                                                                                        <!--Tab-->\r\n                                <div class=\"tab active-tab\" id=\"feature-tab-1\">\r\n                                    <div class=\"row clearfix\">\r\n                                        <div class=\"image-col col-lg-5 col-md-6 col-sm-12\">\r\n                                            <div class=\"inner\">\r\n                                                <div class=\"image\">\r\n                                                    <img decoding=\"async\" class=\"lazyload\" src=\"data:image\/gif;base64,R0lGODlhAQABAIAAAAAAAP\/\/\/yH5BAEAAAAALAAAAAABAAEAAAIBRAA7\" data-src=\"http:\/\/layerdrops.com\/linoorwp\/wp-content\/uploads\/2021\/01\/featured-image-14.jpg\" alt=\"\"><noscript><img data-recalc-dims=\"1\" decoding=\"async\" class=\"lazyload\" src=\"https:\/\/i0.wp.com\/layerdrops.com\/linoorwp\/wp-content\/uploads\/2021\/01\/featured-image-14.jpg\" alt=\"\"><\/noscript>\r\n                                                <\/div>\r\n                                            <\/div>\r\n                                        <\/div>\r\n                                        <div class=\"text-col col-lg-7 col-md-6 col-sm-12\">\r\n                                            <div class=\"inner\">\r\n                                                <div class=\"content\">\r\n                                                    <div class=\"text\">\r\n                                                        <p>There are many variations of passages of lorem ipsum available, but\n                                                    the majority have suffered alteration in some form, by injected\n                                                    humour, or randomised words which don't look even slightly\n                                                    believable.<\/p>\n                                                <p class=\"theme_color\">If you are going to use a passage of Lorem Ipsum,\n                                                    you need to be sure there isn't anything embarrassing hidden in the\n                                                    middle of text. <\/p>\r\n                                                                                                                <ul class=\"m-0 list-unstyled\">\r\n                                                                                                                            <li>Self-contained, state-of-the-art time clock<\/li>\r\n                                                                                                                            <li>Scalability of up to 500 employees per time clock<\/li>\r\n                                                                                                                            <li>The ability to connect up to 32 time clocks<\/li>\r\n                                                                                                                            <li>Employee self-enrollment<\/li>\r\n                                                                                                                    <\/ul>\r\n                                                    <\/div>\r\n                                                <\/div>\r\n                                            <\/div>\r\n                                        <\/div>\r\n                                    <\/div>\r\n                                <\/div>\r\n                                                                                                                            <!--Tab-->\r\n                                <div class=\"tab\" id=\"feature-tab-2\">\r\n                                    <div class=\"row clearfix\">\r\n                                        <div class=\"image-col col-lg-5 col-md-6 col-sm-12\">\r\n                                            <div class=\"inner\">\r\n                                                <div class=\"image\">\r\n                                                    <img decoding=\"async\" class=\"lazyload\" src=\"data:image\/gif;base64,R0lGODlhAQABAIAAAAAAAP\/\/\/yH5BAEAAAAALAAAAAABAAEAAAIBRAA7\" data-src=\"http:\/\/layerdrops.com\/linoorwp\/wp-content\/uploads\/2021\/01\/featured-tab-2.jpg\" alt=\"\"><noscript><img data-recalc-dims=\"1\" decoding=\"async\" class=\"lazyload\" src=\"https:\/\/i0.wp.com\/layerdrops.com\/linoorwp\/wp-content\/uploads\/2021\/01\/featured-tab-2.jpg\" alt=\"\"><\/noscript>\r\n                                                <\/div>\r\n                                            <\/div>\r\n                                        <\/div>\r\n                                        <div class=\"text-col col-lg-7 col-md-6 col-sm-12\">\r\n                                            <div class=\"inner\">\r\n                                                <div class=\"content\">\r\n                                                    <div class=\"text\">\r\n                                                        <p>There are many variations of passages of lorem ipsum available, but\n                                                    the majority have suffered alteration in some form, by injected\n                                                    humour, or randomised words which don't look even slightly\n                                                    believable.<\/p>\n                                                <p class=\"theme_color\">If you are going to use a passage of Lorem Ipsum,\n                                                    you need to be sure there isn't anything embarrassing hidden in the\n                                                    middle of text. <\/p>\r\n                                                                                                                <ul class=\"m-0 list-unstyled\">\r\n                                                                                                                            <li>Self-contained, state-of-the-art time clock<\/li>\r\n                                                                                                                            <li>Scalability of up to 500 employees per time clock<\/li>\r\n                                                                                                                            <li>The ability to connect up to 32 time clocks<\/li>\r\n                                                                                                                            <li>Employee self-enrollment<\/li>\r\n                                                                                                                    <\/ul>\r\n                                                    <\/div>\r\n                                                <\/div>\r\n                                            <\/div>\r\n                                        <\/div>\r\n                                    <\/div>\r\n                                <\/div>\r\n                                                                                                                            <!--Tab-->\r\n                                <div class=\"tab\" id=\"feature-tab-3\">\r\n                                    <div class=\"row clearfix\">\r\n                                        <div class=\"image-col col-lg-5 col-md-6 col-sm-12\">\r\n                                            <div class=\"inner\">\r\n                                                <div class=\"image\">\r\n                                                    <img decoding=\"async\" class=\"lazyload\" src=\"data:image\/gif;base64,R0lGODlhAQABAIAAAAAAAP\/\/\/yH5BAEAAAAALAAAAAABAAEAAAIBRAA7\" data-src=\"http:\/\/layerdrops.com\/linoorwp\/wp-content\/uploads\/2021\/01\/featured-tab-1.jpg\" alt=\"\"><noscript><img data-recalc-dims=\"1\" decoding=\"async\" class=\"lazyload\" src=\"https:\/\/i0.wp.com\/layerdrops.com\/linoorwp\/wp-content\/uploads\/2021\/01\/featured-tab-1.jpg\" alt=\"\"><\/noscript>\r\n                                                <\/div>\r\n                                            <\/div>\r\n                                        <\/div>\r\n                                        <div class=\"text-col col-lg-7 col-md-6 col-sm-12\">\r\n                                            <div class=\"inner\">\r\n                                                <div class=\"content\">\r\n                                                    <div class=\"text\">\r\n                                                        <p>There are many variations of passages of lorem ipsum available, but\n                                                    the majority have suffered alteration in some form, by injected\n                                                    humour, or randomised words which don't look even slightly\n                                                    believable.<\/p>\n                                                <p class=\"theme_color\">If you are going to use a passage of Lorem Ipsum,\n                                                    you need to be sure there isn't anything embarrassing hidden in the\n                                                    middle of text. <\/p>\r\n                                                                                                                <ul class=\"m-0 list-unstyled\">\r\n                                                                                                                            <li>Self-contained, state-of-the-art time clock<\/li>\r\n                                                                                                                            <li>Scalability of up to 500 employees per time clock<\/li>\r\n                                                                                                                            <li>The ability to connect up to 32 time clocks<\/li>\r\n                                                                                                                            <li>Employee self-enrollment<\/li>\r\n                                                                                                                    <\/ul>\r\n                                                    <\/div>\r\n                                                <\/div>\r\n                                            <\/div>\r\n                                        <\/div>\r\n                                    <\/div>\r\n                                <\/div>\r\n                                                            \r\n\r\n\r\n                        <\/div>\r\n                    <\/div>\r\n                <\/div>\r\n            <\/section>\r\n\r\n\r\n        \r\n        \r\n        \r\n        \r\n\r\n\t\t\t\t<\/div>\n\t\t\t\t<\/div>\n\t\t\t\t\t<\/div>\n\t\t<\/div>\n\t\t\t\t\t<\/div>\n\t\t<\/section>\n\t\t\t\t<section class=\"elementor-section elementor-top-section elementor-element elementor-element-6aa256e elementor-section-full_width elementor-section-height-default elementor-section-height-default\" data-id=\"6aa256e\" data-element_type=\"section\" data-e-type=\"section\">\n\t\t\t\t\t\t<div class=\"elementor-container elementor-column-gap-no\">\n\t\t\t\t\t<div class=\"elementor-column elementor-col-100 elementor-top-column elementor-element elementor-element-3ac058c\" data-id=\"3ac058c\" data-element_type=\"column\" data-e-type=\"column\">\n\t\t\t<div class=\"elementor-widget-wrap elementor-element-populated\">\n\t\t\t\t\t\t<div class=\"elementor-element elementor-element-b8e9fed elementor-widget elementor-widget-linoor-service\" data-id=\"b8e9fed\" data-element_type=\"widget\" data-e-type=\"widget\" data-widget_type=\"linoor-service.default\">\n\t\t\t\t<div class=\"elementor-widget-container\">\n\t\t\t\t\t\r\n        \r\n        \r\n                    <!--Services Section-->\r\n            <section class=\"services-section-three\">\r\n                <div class=\"auto-container\">\r\n                                            <div class=\"sec-title centered\">\r\n                            <h2>Our services<\/h2>\r\n                        <\/div>\r\n                    \r\n                    <div class=\"services\">\r\n                        <div class=\"row clearfix\">\r\n                                        <!--Service Block-->\r\n            <div class=\"service-block-two col-xl-3 col-lg-6 col-md-6 col-sm-12\">\r\n                <div class=\"inner-box wow fadeInUp\" data-wow-delay=\"0ms\" data-wow-duration=\"1500ms\">\r\n                    <div class=\"bottom-curve\"><\/div>\r\n                                        <div class=\"icon-box\"><span class=\"fab\"><\/span><\/div>\r\n                    <h5><a href=\"https:\/\/numeractive.ch\/en\/service\/prospecting-linkedin\/\">Automation of prospecting<\/a><\/h5>\r\n                    <div class=\"text\">Save time, win customers: prospecting automation At NUMERACTIVE, we understand the crucial importance of developing effective prospecting strategies<\/div>\r\n                    <div class=\"link-box\"><a href=\"https:\/\/numeractive.ch\/en\/service\/prospecting-linkedin\/\"><span class=\"fa fa-angle-right\"><\/span><\/a><\/div>\r\n                <\/div>\r\n            <\/div>\r\n                    <!--Service Block-->\r\n            <div class=\"service-block-two col-xl-3 col-lg-6 col-md-6 col-sm-12\">\r\n                <div class=\"inner-box wow fadeInUp\" data-wow-delay=\"0ms\" data-wow-duration=\"1500ms\">\r\n                    <div class=\"bottom-curve\"><\/div>\r\n                                        <div class=\"icon-box\"><span class=\"fas\"><\/span><\/div>\r\n                    <h5><a href=\"https:\/\/numeractive.ch\/en\/service\/influencers-tv-press\/\">Personal Branding<\/a><\/h5>\r\n                    <div class=\"text\">Shaping Your Digital Identity with Personal BrandingPersonal branding is emerging as an essential strategy for ambitious individuals who are concerned about<\/div>\r\n                    <div class=\"link-box\"><a href=\"https:\/\/numeractive.ch\/en\/service\/influencers-tv-press\/\"><span class=\"fa fa-angle-right\"><\/span><\/a><\/div>\r\n                <\/div>\r\n            <\/div>\r\n                    <!--Service Block-->\r\n            <div class=\"service-block-two col-xl-3 col-lg-6 col-md-6 col-sm-12\">\r\n                <div class=\"inner-box wow fadeInUp\" data-wow-delay=\"0ms\" data-wow-duration=\"1500ms\">\r\n                    <div class=\"bottom-curve\"><\/div>\r\n                                        <div class=\"icon-box\"><span class=\"fab\"><\/span><\/div>\r\n                    <h5><a href=\"https:\/\/numeractive.ch\/en\/service\/sponsored-advertising\/\">Sponsored Advertising<\/a><\/h5>\r\n                    <div class=\"text\">How to promote the services of your company? How to sell your products on the Internet? We help you get there through sponsored advertising.<\/div>\r\n                    <div class=\"link-box\"><a href=\"https:\/\/numeractive.ch\/en\/service\/sponsored-advertising\/\"><span class=\"fa fa-angle-right\"><\/span><\/a><\/div>\r\n                <\/div>\r\n            <\/div>\r\n                    <!--Service Block-->\r\n            <div class=\"service-block-two col-xl-3 col-lg-6 col-md-6 col-sm-12\">\r\n                <div class=\"inner-box wow fadeInUp\" data-wow-delay=\"0ms\" data-wow-duration=\"1500ms\">\r\n                    <div class=\"bottom-curve\"><\/div>\r\n                                        <div class=\"icon-box\"><span class=\"\"><\/span><\/div>\r\n                    <h5><a href=\"https:\/\/numeractive.ch\/en\/service\/community-management\/\">Community Management<\/a><\/h5>\r\n                    <div class=\"text\">Engage, Interact, Thrive: your community, our expertise At the heart of any successful digital strategy lies careful daily management and<\/div>\r\n                    <div class=\"link-box\"><a href=\"https:\/\/numeractive.ch\/en\/service\/community-management\/\"><span class=\"fa fa-angle-right\"><\/span><\/a><\/div>\r\n                <\/div>\r\n            <\/div>\r\n                    <!--Service Block-->\r\n            <div class=\"service-block-two col-xl-3 col-lg-6 col-md-6 col-sm-12\">\r\n                <div class=\"inner-box wow fadeInUp\" data-wow-delay=\"0ms\" data-wow-duration=\"1500ms\">\r\n                    <div class=\"bottom-curve\"><\/div>\r\n                                        <div class=\"icon-box\"><span class=\"\"><\/span><\/div>\r\n                    <h5><a href=\"https:\/\/numeractive.ch\/en\/service\/site-web-referencement\/\">Website<\/a><\/h5>\r\n                    <div class=\"text\">Your Website, our know-how Your website is much more than a simple online presence. It is a reflection of your<\/div>\r\n                    <div class=\"link-box\"><a href=\"https:\/\/numeractive.ch\/en\/service\/site-web-referencement\/\"><span class=\"fa fa-angle-right\"><\/span><\/a><\/div>\r\n                <\/div>\r\n            <\/div>\r\n                    <!--Service Block-->\r\n            <div class=\"service-block-two col-xl-3 col-lg-6 col-md-6 col-sm-12\">\r\n                <div class=\"inner-box wow fadeInUp\" data-wow-delay=\"0ms\" data-wow-duration=\"1500ms\">\r\n                    <div class=\"bottom-curve\"><\/div>\r\n                                        <div class=\"icon-box\"><span class=\"\"><\/span><\/div>\r\n                    <h5><a href=\"https:\/\/numeractive.ch\/en\/service\/seo\/\">SEO<\/a><\/h5>\r\n                    <div class=\"text\">In pole position on the Web Our know-how in SEO Today, being visible online is essential for the success of any<\/div>\r\n                    <div class=\"link-box\"><a href=\"https:\/\/numeractive.ch\/en\/service\/seo\/\"><span class=\"fa fa-angle-right\"><\/span><\/a><\/div>\r\n                <\/div>\r\n            <\/div>\r\n                                <\/div>\r\n                    <\/div>\r\n                <\/div>\r\n            <\/section>\r\n        \r\n\t\t\t\t<\/div>\n\t\t\t\t<\/div>\n\t\t\t\t<div class=\"elementor-element elementor-element-5320561 elementor-widget elementor-widget-linoor-service\" data-id=\"5320561\" data-element_type=\"widget\" data-e-type=\"widget\" data-widget_type=\"linoor-service.default\">\n\t\t\t\t<div class=\"elementor-widget-container\">\n\t\t\t\t\t\r\n        \r\n        \r\n                    <!--Services Section-->\r\n            <section class=\"services-section-three\">\r\n                <div class=\"auto-container\">\r\n                    \r\n                    <div class=\"services\">\r\n                        <div class=\"row clearfix\">\r\n                                                    <\/div>\r\n                    <\/div>\r\n                <\/div>\r\n            <\/section>\r\n        \r\n\t\t\t\t<\/div>\n\t\t\t\t<\/div>\n\t\t\t\t\t<\/div>\n\t\t<\/div>\n\t\t\t\t\t<\/div>\n\t\t<\/section>\n\t\t\t\t<section class=\"elementor-section elementor-top-section elementor-element elementor-element-6b09448 elementor-section-full_width elementor-section-height-default elementor-section-height-default\" data-id=\"6b09448\" data-element_type=\"section\" data-e-type=\"section\">\n\t\t\t\t\t\t<div class=\"elementor-container elementor-column-gap-no\">\n\t\t\t\t\t<div class=\"elementor-column elementor-col-100 elementor-top-column elementor-element elementor-element-e0134f6\" data-id=\"e0134f6\" data-element_type=\"column\" data-e-type=\"column\">\n\t\t\t<div class=\"elementor-widget-wrap elementor-element-populated\">\n\t\t\t\t\t\t<div class=\"elementor-element elementor-element-3bd7e4b elementor-widget elementor-widget-linoor-call-to-action\" data-id=\"3bd7e4b\" data-element_type=\"widget\" data-e-type=\"widget\" data-widget_type=\"linoor-call-to-action.default\">\n\t\t\t\t<div class=\"elementor-widget-container\">\n\t\t\t\t\t\r\n        \r\n        \r\n        \r\n        \r\n        \r\n            <!-- Call To Section -->\r\n            <section class=\"call-to-section-two alternate\">\r\n                <div class=\"auto-container\">\r\n                    <div class=\"inner clearfix\">\r\n                        <h2>WE ARE READY  <br> to meet your challenges<\/h2>\r\n                        <div class=\"link-box\">\r\n                            <a class=\"theme-btn btn-style-two\" href=\"https:\/\/numeractive.ch\/en\/31-revision-v1\/\">\r\n                                <i class=\"btn-curve\"><\/i>\r\n                                <span class=\"btn-title\">GET IN TOUCH<\/span>\r\n                            <\/a>\r\n                        <\/div>\r\n                    <\/div>\r\n                <\/div>\r\n            <\/section>\r\n\r\n\r\n\r\n        \r\n\r\n\t\t\t\t<\/div>\n\t\t\t\t<\/div>\n\t\t\t\t\t<\/div>\n\t\t<\/div>\n\t\t\t\t\t<\/div>\n\t\t<\/section>\n\t\t\t\t<\/div>","protected":false},"excerpt":{"rendered":"<p>UN CHEMIN CLAIR VERS VOTRE R\u00c9USSITE. Suivez nos conseils et construisez votre notori\u00e9t\u00e9 et votre cr\u00e9dibilit\u00e9: vous n&rsquo;aurez plus qu&rsquo;\u00e0 vous concentrer sur votre business. Nous nous occupons du reste. L&rsquo;excellence pour tous nos clients. Latest technology awesome support 1 click demo install There are many variations of passages of lorem ipsum available, but the [&hellip;]<\/p>\n","protected":false},"author":2,"featured_media":0,"parent":0,"menu_order":0,"comment_status":"closed","ping_status":"closed","template":"elementor_header_footer","meta":{"footnotes":""},"class_list":["post-27","page","type-page","status-publish","hentry"],"jetpack_sharing_enabled":true,"_links":{"self":[{"href":"https:\/\/numeractive.ch\/en\/wp-json\/wp\/v2\/pages\/27","targetHints":{"allow":["GET"]}}],"collection":[{"href":"https:\/\/numeractive.ch\/en\/wp-json\/wp\/v2\/pages"}],"about":[{"href":"https:\/\/numeractive.ch\/en\/wp-json\/wp\/v2\/types\/page"}],"author":[{"embeddable":true,"href":"https:\/\/numeractive.ch\/en\/wp-json\/wp\/v2\/users\/2"}],"replies":[{"embeddable":true,"href":"https:\/\/numeractive.ch\/en\/wp-json\/wp\/v2\/comments?post=27"}],"version-history":[{"count":79,"href":"https:\/\/numeractive.ch\/en\/wp-json\/wp\/v2\/pages\/27\/revisions"}],"predecessor-version":[{"id":32057,"href":"https:\/\/numeractive.ch\/en\/wp-json\/wp\/v2\/pages\/27\/revisions\/32057"}],"wp:attachment":[{"href":"https:\/\/numeractive.ch\/en\/wp-json\/wp\/v2\/media?parent=27"}],"curies":[{"name":"wp","href":"https:\/\/api.w.org\/{rel}","templated":true}]}}