{"id":29874,"date":"2021-08-18T11:34:11","date_gmt":"2021-08-18T09:34:11","guid":{"rendered":"https:\/\/numeractive.ch\/?page_id=29874"},"modified":"2024-03-28T12:37:22","modified_gmt":"2024-03-28T11:37:22","slug":"privacy-and-conditions","status":"publish","type":"page","link":"https:\/\/numeractive.ch\/en\/privacy-and-conditions\/","title":{"rendered":"Privacy And Conditions"},"content":{"rendered":"<div data-elementor-type=\"wp-page\" data-elementor-id=\"29874\" class=\"elementor elementor-29874\" data-elementor-post-type=\"page\">\n\t\t\t\t\t\t<section class=\"elementor-section elementor-top-section elementor-element elementor-element-b5070d2 elementor-section-boxed elementor-section-height-default elementor-section-height-default\" data-id=\"b5070d2\" data-element_type=\"section\" data-e-type=\"section\">\n\t\t\t\t\t\t<div class=\"elementor-container elementor-column-gap-default\">\n\t\t\t\t\t<div class=\"elementor-column elementor-col-100 elementor-top-column elementor-element elementor-element-7389ee5\" data-id=\"7389ee5\" data-element_type=\"column\" data-e-type=\"column\">\n\t\t\t<div class=\"elementor-widget-wrap elementor-element-populated\">\n\t\t\t\t\t\t<div class=\"elementor-element elementor-element-3d6e11a elementor-widget elementor-widget-spacer\" data-id=\"3d6e11a\" data-element_type=\"widget\" data-e-type=\"widget\" data-widget_type=\"spacer.default\">\n\t\t\t\t<div class=\"elementor-widget-container\">\n\t\t\t\t\t\t\t<div class=\"elementor-spacer\">\n\t\t\t<div class=\"elementor-spacer-inner\"><\/div>\n\t\t<\/div>\n\t\t\t\t\t\t<\/div>\n\t\t\t\t<\/div>\n\t\t\t\t<div class=\"elementor-element elementor-element-dc137a4 elementor-widget elementor-widget-heading\" data-id=\"dc137a4\" data-element_type=\"widget\" data-e-type=\"widget\" data-widget_type=\"heading.default\">\n\t\t\t\t<div class=\"elementor-widget-container\">\n\t\t\t\t\t<h5 class=\"elementor-heading-title elementor-size-default\"><span class=\"dot\">The information we collect.<\/span><\/h5>\t\t\t\t<\/div>\n\t\t\t\t<\/div>\n\t\t\t\t<div class=\"elementor-element elementor-element-f7eea25 elementor-widget elementor-widget-html\" data-id=\"f7eea25\" data-element_type=\"widget\" data-e-type=\"widget\" data-widget_type=\"html.default\">\n\t\t\t\t<div class=\"elementor-widget-container\">\n\t\t\t\t\t<div style=\"font-size:30px;\" class=\"text\">In the course of operating and maintaining our website, we may collect and process the following data from you:\r\n   \r\n<\/div>\r\n<div style=\"font-size:25px;\" class=\"text\">\r\n     <ul>\r\n         <li>Information about your use of our site, including details of your visits, such as the pages you view and the resources you access. This information includes traffic data, location data and other communication data.<\/li>\r\n            <li>Information voluntarily provided by you. For example, when you register for information.\r\n<\/li>\r\n    <li>Information you provide when you communicate with us by any means.\r\n<\/li>\r\n    <\/ul>\r\n   \r\n<\/div>\r\n\r\n \r\n   \t\t\t\t<\/div>\n\t\t\t\t<\/div>\n\t\t\t\t\t<\/div>\n\t\t<\/div>\n\t\t\t\t\t<\/div>\n\t\t<\/section>\n\t\t\t\t<section class=\"elementor-section elementor-top-section elementor-element elementor-element-b5d1ec6 elementor-section-boxed elementor-section-height-default elementor-section-height-default\" data-id=\"b5d1ec6\" data-element_type=\"section\" data-e-type=\"section\">\n\t\t\t\t\t\t<div class=\"elementor-container elementor-column-gap-default\">\n\t\t\t\t\t<div class=\"elementor-column elementor-col-100 elementor-top-column elementor-element elementor-element-9035e94\" data-id=\"9035e94\" data-element_type=\"column\" data-e-type=\"column\">\n\t\t\t<div class=\"elementor-widget-wrap elementor-element-populated\">\n\t\t\t\t\t\t<div class=\"elementor-element elementor-element-143ab06 elementor-widget elementor-widget-spacer\" data-id=\"143ab06\" data-element_type=\"widget\" data-e-type=\"widget\" data-widget_type=\"spacer.default\">\n\t\t\t\t<div class=\"elementor-widget-container\">\n\t\t\t\t\t\t\t<div class=\"elementor-spacer\">\n\t\t\t<div class=\"elementor-spacer-inner\"><\/div>\n\t\t<\/div>\n\t\t\t\t\t\t<\/div>\n\t\t\t\t<\/div>\n\t\t\t\t<div class=\"elementor-element elementor-element-8b324c1 elementor-widget elementor-widget-heading\" data-id=\"8b324c1\" data-element_type=\"widget\" data-e-type=\"widget\" data-widget_type=\"heading.default\">\n\t\t\t\t<div class=\"elementor-widget-container\">\n\t\t\t\t\t<h5 class=\"elementor-heading-title elementor-size-default\"><span class=\"dot\">Use of Cookies.<\/span><\/h5>\t\t\t\t<\/div>\n\t\t\t\t<\/div>\n\t\t\t\t<div class=\"elementor-element elementor-element-8ad37c2 elementor-widget elementor-widget-html\" data-id=\"8ad37c2\" data-element_type=\"widget\" data-e-type=\"widget\" data-widget_type=\"html.default\">\n\t\t\t\t<div class=\"elementor-widget-container\">\n\t\t\t\t\t<div style=\"font-size:30px;\" class=\"text\">\r\n    Cookies provide information about the computer used by a visitor. We may use cookies where appropriate to collect information about your computer to help us improve our website.\r\n\r\nWe may collect information about your general Internet usage by using cookies. When used, these cookies are downloaded to your computer and stored on the computer's hard drive. This information will not identify you personally. It is statistical data. This statistical data does not identify any personal details.\r\n\r\nYou can adjust your computer settings to refuse cookies if you wish. This can easily be done by enabling the \"reject cookies\" setting on your computer.\r\n   \r\n<\/div>\r\n\r\n \r\n   \t\t\t\t<\/div>\n\t\t\t\t<\/div>\n\t\t\t\t\t<\/div>\n\t\t<\/div>\n\t\t\t\t\t<\/div>\n\t\t<\/section>\n\t\t\t\t<section class=\"elementor-section elementor-top-section elementor-element elementor-element-a2cbc49 elementor-section-boxed elementor-section-height-default elementor-section-height-default\" data-id=\"a2cbc49\" data-element_type=\"section\" data-e-type=\"section\">\n\t\t\t\t\t\t<div class=\"elementor-container elementor-column-gap-default\">\n\t\t\t\t\t<div class=\"elementor-column elementor-col-100 elementor-top-column elementor-element elementor-element-9c3564a\" data-id=\"9c3564a\" data-element_type=\"column\" data-e-type=\"column\">\n\t\t\t<div class=\"elementor-widget-wrap elementor-element-populated\">\n\t\t\t\t\t\t<div class=\"elementor-element elementor-element-1fa2744 elementor-widget elementor-widget-spacer\" data-id=\"1fa2744\" data-element_type=\"widget\" data-e-type=\"widget\" data-widget_type=\"spacer.default\">\n\t\t\t\t<div class=\"elementor-widget-container\">\n\t\t\t\t\t\t\t<div class=\"elementor-spacer\">\n\t\t\t<div class=\"elementor-spacer-inner\"><\/div>\n\t\t<\/div>\n\t\t\t\t\t\t<\/div>\n\t\t\t\t<\/div>\n\t\t\t\t<div class=\"elementor-element elementor-element-d8fce2b elementor-widget elementor-widget-heading\" data-id=\"d8fce2b\" data-element_type=\"widget\" data-e-type=\"widget\" data-widget_type=\"heading.default\">\n\t\t\t\t<div class=\"elementor-widget-container\">\n\t\t\t\t\t<h5 class=\"elementor-heading-title elementor-size-default\"><span class=\"dot\">Use of your information\n .<\/span><\/h5>\t\t\t\t<\/div>\n\t\t\t\t<\/div>\n\t\t\t\t<div class=\"elementor-element elementor-element-a2fa0ac elementor-widget elementor-widget-html\" data-id=\"a2fa0ac\" data-element_type=\"widget\" data-e-type=\"widget\" data-widget_type=\"html.default\">\n\t\t\t\t<div class=\"elementor-widget-container\">\n\t\t\t\t\t<div style=\"font-size:30px;\" class=\"text\">We use the information we collect from you to provide our services to you. In addition to that, we may use the information for one or more of the following purposes:\r\n<\/div>\r\n<div style=\"font-size:25px;\" class=\"text\">\r\n     <ul>\r\n         <li>To provide you with information you request about our programs or services.\r\n<\/li>\r\n            <li>To provide you with information about other information that may be of interest to you.\r\n<\/li>\r\n    <\/ul>\r\n   \r\n<\/div>\r\n\r\n \r\n   \t\t\t\t<\/div>\n\t\t\t\t<\/div>\n\t\t\t\t\t<\/div>\n\t\t<\/div>\n\t\t\t\t\t<\/div>\n\t\t<\/section>\n\t\t\t\t<section class=\"elementor-section elementor-top-section elementor-element elementor-element-bb149ac elementor-section-boxed elementor-section-height-default elementor-section-height-default\" data-id=\"bb149ac\" data-element_type=\"section\" data-e-type=\"section\">\n\t\t\t\t\t\t<div class=\"elementor-container elementor-column-gap-default\">\n\t\t\t\t\t<div class=\"elementor-column elementor-col-100 elementor-top-column elementor-element elementor-element-0486c19\" data-id=\"0486c19\" data-element_type=\"column\" data-e-type=\"column\">\n\t\t\t<div class=\"elementor-widget-wrap elementor-element-populated\">\n\t\t\t\t\t\t<div class=\"elementor-element elementor-element-038ea77 elementor-widget elementor-widget-spacer\" data-id=\"038ea77\" data-element_type=\"widget\" data-e-type=\"widget\" data-widget_type=\"spacer.default\">\n\t\t\t\t<div class=\"elementor-widget-container\">\n\t\t\t\t\t\t\t<div class=\"elementor-spacer\">\n\t\t\t<div class=\"elementor-spacer-inner\"><\/div>\n\t\t<\/div>\n\t\t\t\t\t\t<\/div>\n\t\t\t\t<\/div>\n\t\t\t\t<div class=\"elementor-element elementor-element-9c809d3 elementor-widget elementor-widget-heading\" data-id=\"9c809d3\" data-element_type=\"widget\" data-e-type=\"widget\" data-widget_type=\"heading.default\">\n\t\t\t\t<div class=\"elementor-widget-container\">\n\t\t\t\t\t<h5 class=\"elementor-heading-title elementor-size-default\"><span class=\"dot\"> Storage of your personal data.<\/span><\/h5>\t\t\t\t<\/div>\n\t\t\t\t<\/div>\n\t\t\t\t<div class=\"elementor-element elementor-element-810bc63 elementor-widget elementor-widget-html\" data-id=\"810bc63\" data-element_type=\"widget\" data-e-type=\"widget\" data-widget_type=\"html.default\">\n\t\t\t\t<div class=\"elementor-widget-container\">\n\t\t\t\t\t<div style=\"font-size:30px;\" class=\"text\">\r\n    During the operation of our website, it may be necessary to transfer the data we collect from you to our server locations for processing and storage. By providing us with your personal data, you consent to such transfer, storage or processing. We make every effort to ensure that all reasonable steps are taken to ensure that your data is processed and stored securely.\r\n\r\nUnfortunately, sending information over the Internet is not completely secure and, on occasion, such information may be intercepted. We cannot guarantee the security of any data you choose to send to us electronically, sending such information is entirely at your own risk.\r\n<\/div>\r\n\r\n\r\n \r\n   \t\t\t\t<\/div>\n\t\t\t\t<\/div>\n\t\t\t\t\t<\/div>\n\t\t<\/div>\n\t\t\t\t\t<\/div>\n\t\t<\/section>\n\t\t\t\t<\/div>","protected":false},"excerpt":{"rendered":"<p>Les informations que nous collections . Lors de la gestion et de la maintenance de notre site Web, nous pouvons collecter et traiter vos donn\u00e9es suivantes : Informations sur votre utilisation de notre site, y compris les d\u00e9tails de vos visites, telles que les pages consult\u00e9es et les ressources auxquelles vous acc\u00e9dez. Ces informations comprennent [&hellip;]<\/p>\n","protected":false},"author":2,"featured_media":0,"parent":0,"menu_order":0,"comment_status":"closed","ping_status":"closed","template":"elementor_header_footer","meta":{"footnotes":""},"class_list":["post-29874","page","type-page","status-publish","hentry"],"jetpack_sharing_enabled":true,"_links":{"self":[{"href":"https:\/\/numeractive.ch\/en\/wp-json\/wp\/v2\/pages\/29874","targetHints":{"allow":["GET"]}}],"collection":[{"href":"https:\/\/numeractive.ch\/en\/wp-json\/wp\/v2\/pages"}],"about":[{"href":"https:\/\/numeractive.ch\/en\/wp-json\/wp\/v2\/types\/page"}],"author":[{"embeddable":true,"href":"https:\/\/numeractive.ch\/en\/wp-json\/wp\/v2\/users\/2"}],"replies":[{"embeddable":true,"href":"https:\/\/numeractive.ch\/en\/wp-json\/wp\/v2\/comments?post=29874"}],"version-history":[{"count":22,"href":"https:\/\/numeractive.ch\/en\/wp-json\/wp\/v2\/pages\/29874\/revisions"}],"predecessor-version":[{"id":29897,"href":"https:\/\/numeractive.ch\/en\/wp-json\/wp\/v2\/pages\/29874\/revisions\/29897"}],"wp:attachment":[{"href":"https:\/\/numeractive.ch\/en\/wp-json\/wp\/v2\/media?parent=29874"}],"curies":[{"name":"wp","href":"https:\/\/api.w.org\/{rel}","templated":true}]}}