{"id":22,"date":"2021-01-13T16:11:28","date_gmt":"2021-01-13T15:11:28","guid":{"rendered":"http:\/\/layerdrops.com\/linoorwp\/?page_id=22"},"modified":"2024-03-28T12:59:58","modified_gmt":"2024-03-28T11:59:58","slug":"testimonials","status":"publish","type":"page","link":"https:\/\/numeractive.ch\/fr\/entreprise\/testimonials\/","title":{"rendered":"Testimonials"},"content":{"rendered":"\t\t<div data-elementor-type=\"wp-page\" data-elementor-id=\"22\" class=\"elementor elementor-22\" data-elementor-post-type=\"page\">\n\t\t\t\t\t\t<section class=\"elementor-section elementor-top-section elementor-element elementor-element-26a77b4 elementor-section-full_width elementor-section-height-default elementor-section-height-default\" data-id=\"26a77b4\" data-element_type=\"section\" data-e-type=\"section\">\n\t\t\t\t\t\t<div class=\"elementor-container elementor-column-gap-no\">\n\t\t\t\t\t<div class=\"elementor-column elementor-col-100 elementor-top-column elementor-element elementor-element-0427026\" data-id=\"0427026\" data-element_type=\"column\" data-e-type=\"column\">\n\t\t\t<div class=\"elementor-widget-wrap elementor-element-populated\">\n\t\t\t\t\t\t<div class=\"elementor-element elementor-element-3ca81b8 elementor-widget elementor-widget-linoor-testimonials\" data-id=\"3ca81b8\" data-element_type=\"widget\" data-e-type=\"widget\" data-widget_type=\"linoor-testimonials.default\">\n\t\t\t\t<div class=\"elementor-widget-container\">\n\t\t\t\t\t\r\n        \r\n\r\n        \r\n            <!--Testimonials Section-->\r\n            <section class=\"testimonials-section testimonials-page\">\r\n                <div class=\"auto-container\">\r\n                    <div class=\"row clearfix\">\r\n                                                                                                        <div class=\"testi-block col-lg-6 col-md-12 col-sm-12 \">\r\n                                <div class=\"inner\">\r\n                                    <div class=\"icon\"><span>\u201c<\/span><\/div>\r\n                                    <div class=\"info\">\r\n                                        <div class=\"image\"><\/div>\r\n                                        <div class=\"name\">Klaudia Sch\u00fcpbach<\/div>\r\n                                        <div class=\"designation\">Client<\/div>\r\n                                    <\/div>\r\n                                    <div class=\"text\">Merci Florian Bourqui pour votre aide professionnelle et rapide, vous \u00eates le meilleur!<\/div>\r\n                                <\/div>\r\n                            <\/div>\r\n\r\n                                                                                <div class=\"testi-block col-lg-6 col-md-12 col-sm-12 \">\r\n                                <div class=\"inner\">\r\n                                    <div class=\"icon\"><span>\u201c<\/span><\/div>\r\n                                    <div class=\"info\">\r\n                                        <div class=\"image\"><\/div>\r\n                                        <div class=\"name\">Christophe Andres<\/div>\r\n                                        <div class=\"designation\">Client<\/div>\r\n                                    <\/div>\r\n                                    <div class=\"text\">service tr\u00e8s professionnel, je recommande<\/div>\r\n                                <\/div>\r\n                            <\/div>\r\n\r\n                                                                                <div class=\"testi-block col-lg-6 col-md-12 col-sm-12 \">\r\n                                <div class=\"inner\">\r\n                                    <div class=\"icon\"><span>\u201c<\/span><\/div>\r\n                                    <div class=\"info\">\r\n                                        <div class=\"image\"><\/div>\r\n                                        <div class=\"name\">Pascal<\/div>\r\n                                        <div class=\"designation\">Client<\/div>\r\n                                    <\/div>\r\n                                    <div class=\"text\">A l\u2019\u00e9coute du client et tr\u00e8s r\u00e9actif dans les d\u00e9lais. Je conseil vivement!<\/div>\r\n                                <\/div>\r\n                            <\/div>\r\n\r\n                                                                                <div class=\"testi-block col-lg-6 col-md-12 col-sm-12 \">\r\n                                <div class=\"inner\">\r\n                                    <div class=\"icon\"><span>\u201c<\/span><\/div>\r\n                                    <div class=\"info\">\r\n                                        <div class=\"image\"><img decoding=\"async\" width=\"60\" height=\"60\" src=\"data:image\/gif;base64,R0lGODlhAQABAIAAAAAAAP\/\/\/yH5BAEAAAAALAAAAAABAAEAAAIBRAA7\" data-src=\"https:\/\/i0.wp.com\/numeractive.ch\/wp-content\/uploads\/2021\/01\/unnamed.png?resize=60%2C60&ssl=1\" class=\"attachment-linoor_testimonials_73X73 size-linoor_testimonials_73X73 wp-post-image lazyload\" alt=\"\" \/><noscript><img decoding=\"async\" width=\"60\" height=\"60\" src=\"https:\/\/i0.wp.com\/numeractive.ch\/wp-content\/uploads\/2021\/01\/unnamed.png?resize=60%2C60&ssl=1\" class=\"attachment-linoor_testimonials_73X73 size-linoor_testimonials_73X73 wp-post-image lazyload\" alt=\"\" \/><\/noscript><\/div>\r\n                                        <div class=\"name\">Jos\u00e9<\/div>\r\n                                        <div class=\"designation\">Client<\/div>\r\n                                    <\/div>\r\n                                    <div class=\"text\">Une entreprise \u00e0 l'\u00e9coute avec un savoir faire professionne<\/div>\r\n                                <\/div>\r\n                            <\/div>\r\n\r\n                                                                                <div class=\"testi-block col-lg-6 col-md-12 col-sm-12 \">\r\n                                <div class=\"inner\">\r\n                                    <div class=\"icon\"><span>\u201c<\/span><\/div>\r\n                                    <div class=\"info\">\r\n                                        <div class=\"image\"><img decoding=\"async\" width=\"73\" height=\"73\" src=\"data:image\/gif;base64,R0lGODlhAQABAIAAAAAAAP\/\/\/yH5BAEAAAAALAAAAAABAAEAAAIBRAA7\" data-src=\"https:\/\/i0.wp.com\/numeractive.ch\/wp-content\/uploads\/2021\/02\/footer-3-shape-1.png?resize=73%2C73&ssl=1\" class=\"attachment-linoor_testimonials_73X73 size-linoor_testimonials_73X73 wp-post-image lazyload\" alt=\"\" data-srcset=\"https:\/\/i0.wp.com\/numeractive.ch\/wp-content\/uploads\/2021\/02\/footer-3-shape-1.png?w=463&ssl=1 463w, https:\/\/i0.wp.com\/numeractive.ch\/wp-content\/uploads\/2021\/02\/footer-3-shape-1.png?resize=270%2C270&ssl=1 270w, https:\/\/i0.wp.com\/numeractive.ch\/wp-content\/uploads\/2021\/02\/footer-3-shape-1.png?resize=100%2C100&ssl=1 100w, https:\/\/i0.wp.com\/numeractive.ch\/wp-content\/uploads\/2021\/02\/footer-3-shape-1.png?resize=300%2C300&ssl=1 300w, https:\/\/i0.wp.com\/numeractive.ch\/wp-content\/uploads\/2021\/02\/footer-3-shape-1.png?resize=150%2C150&ssl=1 150w, https:\/\/i0.wp.com\/numeractive.ch\/wp-content\/uploads\/2021\/02\/footer-3-shape-1.png?resize=73%2C73&ssl=1 73w, https:\/\/i0.wp.com\/numeractive.ch\/wp-content\/uploads\/2021\/02\/footer-3-shape-1.png?resize=125%2C125&ssl=1 125w, https:\/\/i0.wp.com\/numeractive.ch\/wp-content\/uploads\/2021\/02\/footer-3-shape-1.png?resize=380%2C379&ssl=1 380w\" sizes=\"(max-width: 73px) 100vw, 73px\" \/><noscript><img loading=\"lazy\" decoding=\"async\" width=\"73\" height=\"73\" src=\"https:\/\/i0.wp.com\/numeractive.ch\/wp-content\/uploads\/2021\/02\/footer-3-shape-1.png?resize=73%2C73&ssl=1\" class=\"attachment-linoor_testimonials_73X73 size-linoor_testimonials_73X73 wp-post-image lazyload\" alt=\"\" srcset=\"https:\/\/i0.wp.com\/numeractive.ch\/wp-content\/uploads\/2021\/02\/footer-3-shape-1.png?w=463&ssl=1 463w, https:\/\/i0.wp.com\/numeractive.ch\/wp-content\/uploads\/2021\/02\/footer-3-shape-1.png?resize=270%2C270&ssl=1 270w, https:\/\/i0.wp.com\/numeractive.ch\/wp-content\/uploads\/2021\/02\/footer-3-shape-1.png?resize=100%2C100&ssl=1 100w, https:\/\/i0.wp.com\/numeractive.ch\/wp-content\/uploads\/2021\/02\/footer-3-shape-1.png?resize=300%2C300&ssl=1 300w, https:\/\/i0.wp.com\/numeractive.ch\/wp-content\/uploads\/2021\/02\/footer-3-shape-1.png?resize=150%2C150&ssl=1 150w, https:\/\/i0.wp.com\/numeractive.ch\/wp-content\/uploads\/2021\/02\/footer-3-shape-1.png?resize=73%2C73&ssl=1 73w, https:\/\/i0.wp.com\/numeractive.ch\/wp-content\/uploads\/2021\/02\/footer-3-shape-1.png?resize=125%2C125&ssl=1 125w, https:\/\/i0.wp.com\/numeractive.ch\/wp-content\/uploads\/2021\/02\/footer-3-shape-1.png?resize=380%2C379&ssl=1 380w\" sizes=\"(max-width: 73px) 100vw, 73px\" \/><\/noscript><\/div>\r\n                                        <div class=\"name\">Iven Michel Cabrita Sambento<\/div>\r\n                                        <div class=\"designation\">Client<\/div>\r\n                                    <\/div>\r\n                                    <div class=\"text\">J\u2019ai consult\u00e9 NUMERACTIVE pour cr\u00e9er l\u2019image de mon entreprise de peinture. Cr\u00e9ation de logo carte de visite excellent travail tr\u00e8s professionnel. Je peux que le recommander \ud83d\udc4c\ud83c\udffb<\/div>\r\n                                <\/div>\r\n                            <\/div>\r\n\r\n                                                                                <div class=\"testi-block col-lg-6 col-md-12 col-sm-12 \">\r\n                                <div class=\"inner\">\r\n                                    <div class=\"icon\"><span>\u201c<\/span><\/div>\r\n                                    <div class=\"info\">\r\n                                        <div class=\"image\"><\/div>\r\n                                        <div class=\"name\">M\u00e9gane Niquille<\/div>\r\n                                        <div class=\"designation\">Client<\/div>\r\n                                    <\/div>\r\n                                    <div class=\"text\">R\u00e9ponses tr\u00e8s rapides par mail !\r\nOnt compris mes besoins \u00e0 100% sans pousser \u00e0 la consommation, ce qui est vraiment TRES agr\u00e9able !\r\n\u00e0 recommander !<\/div>\r\n                                <\/div>\r\n                            <\/div>\r\n\r\n                                                                                <div class=\"testi-block col-lg-6 col-md-12 col-sm-12 \">\r\n                                <div class=\"inner\">\r\n                                    <div class=\"icon\"><span>\u201c<\/span><\/div>\r\n                                    <div class=\"info\">\r\n                                        <div class=\"image\"><\/div>\r\n                                        <div class=\"name\">Matthieu Ki<\/div>\r\n                                        <div class=\"designation\">Client<\/div>\r\n                                    <\/div>\r\n                                    <div class=\"text\">Je suis tomb\u00e9 par hasard sur Numeractive et j'en suis pas du tout d\u00e9\u00e7u! J'avais une demande urgente et honn\u00eatement, je ne m'attendais pas \u00e0 un tel travail: service incroyable, super \u00e0 l'\u00e9coute et tr\u00e8s r\u00e9actif!\r\nFlorian est hyper pro, il en faudrait bien plus des personnes comme lui de nos jours.<\/div>\r\n                                <\/div>\r\n                            <\/div>\r\n\r\n                                                                                <div class=\"testi-block col-lg-6 col-md-12 col-sm-12 \">\r\n                                <div class=\"inner\">\r\n                                    <div class=\"icon\"><span>\u201c<\/span><\/div>\r\n                                    <div class=\"info\">\r\n                                        <div class=\"image\"><\/div>\r\n                                        <div class=\"name\">Gaelle F<\/div>\r\n                                        <div class=\"designation\">Client<\/div>\r\n                                    <\/div>\r\n                                    <div class=\"text\">Tr\u00e8s professionnel et \u00e0 l\u2019\u00e9coute de mes attentes. Excellent travail pour mon site internet, je recommande !<\/div>\r\n                                <\/div>\r\n                            <\/div>\r\n\r\n                                                                                <div class=\"testi-block col-lg-6 col-md-12 col-sm-12 \">\r\n                                <div class=\"inner\">\r\n                                    <div class=\"icon\"><span>\u201c<\/span><\/div>\r\n                                    <div class=\"info\">\r\n                                        <div class=\"image\"><\/div>\r\n                                        <div class=\"name\">Ludo<\/div>\r\n                                        <div class=\"designation\">Client<\/div>\r\n                                    <\/div>\r\n                                    <div class=\"text\">Enfin un vrai professionnel qui a cern\u00e9 mes besoins. Merci infiniment !<\/div>\r\n                                <\/div>\r\n                            <\/div>\r\n\r\n                                                \r\n                    <\/div>\r\n                <\/div>\r\n            <\/section>\r\n        \r\n        \r\n        \r\n        \r\n        \r\n\t\t\t\t<\/div>\n\t\t\t\t<\/div>\n\t\t\t\t\t<\/div>\n\t\t<\/div>\n\t\t\t\t\t<\/div>\n\t\t<\/section>\n\t\t\t\t<section class=\"elementor-section elementor-top-section elementor-element elementor-element-69cc3e2 elementor-section-boxed elementor-section-height-default elementor-section-height-default\" data-id=\"69cc3e2\" data-element_type=\"section\" data-e-type=\"section\">\n\t\t\t\t\t\t<div class=\"elementor-container elementor-column-gap-default\">\n\t\t\t\t\t<div class=\"elementor-column elementor-col-100 elementor-top-column elementor-element elementor-element-1cdf2df\" data-id=\"1cdf2df\" data-element_type=\"column\" data-e-type=\"column\">\n\t\t\t<div class=\"elementor-widget-wrap elementor-element-populated\">\n\t\t\t\t\t\t<div class=\"elementor-element elementor-element-9cd4e3d elementor-widget elementor-widget-linoor-call-to-action\" data-id=\"9cd4e3d\" data-element_type=\"widget\" data-e-type=\"widget\" data-widget_type=\"linoor-call-to-action.default\">\n\t\t\t\t<div class=\"elementor-widget-container\">\n\t\t\t\t\t\r\n        \r\n            <!-- Call To Section -->\r\n            <section class=\"call-to-section\">\r\n                <div class=\"auto-container\">\r\n                    <div class=\"inner clearfix\">\r\n                        <div class=\"shape-1 wow slideInRight\" data-wow-delay=\"0ms\" data-wow-duration=\"1500ms\"><\/div>\r\n                        <div class=\"shape-2 wow fadeInDown\" data-wow-delay=\"0ms\" data-wow-duration=\"1500ms\"><\/div>\r\n                        <h2>\u00caTES-VOUS PR\u00caT(E) \u00c0 FAIRE D\u00c9COLLER  <br>VOTRE BUSINESS ? <\/h2>\r\n                        <div class=\"link-box\">\r\n                            <a class=\"theme-btn btn-style-two\" href=\"https:\/\/numeractive.ch\/contactez-nous\/\">\r\n                                <i class=\"btn-curve\"><\/i>\r\n                                <span class=\"btn-title\">ENTREZ EN CONTACT<\/span>\r\n                            <\/a>\r\n                        <\/div>\r\n                    <\/div>\r\n                <\/div>\r\n            <\/section>\r\n\r\n        \r\n        \r\n        \r\n        \r\n        \r\n\r\n\t\t\t\t<\/div>\n\t\t\t\t<\/div>\n\t\t\t\t\t<\/div>\n\t\t<\/div>\n\t\t\t\t\t<\/div>\n\t\t<\/section>\n\t\t\t\t<\/div>\n\t\t","protected":false},"excerpt":{"rendered":"<p>\u201c Klaudia Sch\u00fcpbach Client Merci Florian Bourqui pour votre aide professionnelle et rapide, vous \u00eates le meilleur! \u201c Christophe Andres Client service tr\u00e8s professionnel, je recommande \u201c Pascal Client A l\u2019\u00e9coute du client et tr\u00e8s r\u00e9actif dans les d\u00e9lais. Je conseil vivement! \u201c Jos\u00e9 Client Une entreprise \u00e0 l\u2019\u00e9coute avec un savoir faire professionne \u201c [&hellip;]<\/p>\n","protected":false},"author":2,"featured_media":0,"parent":29589,"menu_order":0,"comment_status":"closed","ping_status":"closed","template":"elementor_header_footer","meta":{"footnotes":""},"class_list":["post-22","page","type-page","status-publish","hentry"],"jetpack_sharing_enabled":true,"_links":{"self":[{"href":"https:\/\/numeractive.ch\/fr\/wp-json\/wp\/v2\/pages\/22","targetHints":{"allow":["GET"]}}],"collection":[{"href":"https:\/\/numeractive.ch\/fr\/wp-json\/wp\/v2\/pages"}],"about":[{"href":"https:\/\/numeractive.ch\/fr\/wp-json\/wp\/v2\/types\/page"}],"author":[{"embeddable":true,"href":"https:\/\/numeractive.ch\/fr\/wp-json\/wp\/v2\/users\/2"}],"replies":[{"embeddable":true,"href":"https:\/\/numeractive.ch\/fr\/wp-json\/wp\/v2\/comments?post=22"}],"version-history":[{"count":7,"href":"https:\/\/numeractive.ch\/fr\/wp-json\/wp\/v2\/pages\/22\/revisions"}],"predecessor-version":[{"id":30160,"href":"https:\/\/numeractive.ch\/fr\/wp-json\/wp\/v2\/pages\/22\/revisions\/30160"}],"up":[{"embeddable":true,"href":"https:\/\/numeractive.ch\/fr\/wp-json\/wp\/v2\/pages\/29589"}],"wp:attachment":[{"href":"https:\/\/numeractive.ch\/fr\/wp-json\/wp\/v2\/media?parent=22"}],"curies":[{"name":"wp","href":"https:\/\/api.w.org\/{rel}","templated":true}]}}