{"id":29874,"date":"2021-08-18T11:34:11","date_gmt":"2021-08-18T09:34:11","guid":{"rendered":"https:\/\/numeractive.ch\/?page_id=29874"},"modified":"2024-03-28T12:37:22","modified_gmt":"2024-03-28T11:37:22","slug":"confidentialite-et-conditions","status":"publish","type":"page","link":"https:\/\/numeractive.ch\/fr\/confidentialite-et-conditions\/","title":{"rendered":"Confidentialit\u00e9 Et Conditions"},"content":{"rendered":"\t\t<div data-elementor-type=\"wp-page\" data-elementor-id=\"29874\" class=\"elementor elementor-29874\" data-elementor-post-type=\"page\">\n\t\t\t\t\t\t<section class=\"elementor-section elementor-top-section elementor-element elementor-element-b5070d2 elementor-section-boxed elementor-section-height-default elementor-section-height-default\" data-id=\"b5070d2\" data-element_type=\"section\" data-e-type=\"section\">\n\t\t\t\t\t\t<div class=\"elementor-container elementor-column-gap-default\">\n\t\t\t\t\t<div class=\"elementor-column elementor-col-100 elementor-top-column elementor-element elementor-element-7389ee5\" data-id=\"7389ee5\" data-element_type=\"column\" data-e-type=\"column\">\n\t\t\t<div class=\"elementor-widget-wrap elementor-element-populated\">\n\t\t\t\t\t\t<div class=\"elementor-element elementor-element-3d6e11a elementor-widget elementor-widget-spacer\" data-id=\"3d6e11a\" data-element_type=\"widget\" data-e-type=\"widget\" data-widget_type=\"spacer.default\">\n\t\t\t\t<div class=\"elementor-widget-container\">\n\t\t\t\t\t\t\t<div class=\"elementor-spacer\">\n\t\t\t<div class=\"elementor-spacer-inner\"><\/div>\n\t\t<\/div>\n\t\t\t\t\t\t<\/div>\n\t\t\t\t<\/div>\n\t\t\t\t<div class=\"elementor-element elementor-element-dc137a4 elementor-widget elementor-widget-heading\" data-id=\"dc137a4\" data-element_type=\"widget\" data-e-type=\"widget\" data-widget_type=\"heading.default\">\n\t\t\t\t<div class=\"elementor-widget-container\">\n\t\t\t\t\t<h5 class=\"elementor-heading-title elementor-size-default\"><span class=\"dot\">Les informations que nous collections .<\/span><\/h5>\t\t\t\t<\/div>\n\t\t\t\t<\/div>\n\t\t\t\t<div class=\"elementor-element elementor-element-f7eea25 elementor-widget elementor-widget-html\" data-id=\"f7eea25\" data-element_type=\"widget\" data-e-type=\"widget\" data-widget_type=\"html.default\">\n\t\t\t\t<div class=\"elementor-widget-container\">\n\t\t\t\t\t<div style=\"font-size:30px;\" class=\"text\">Lors de la gestion et de la maintenance de notre site Web, nous pouvons collecter et traiter vos donn\u00e9es suivantes :\r\n   \r\n<\/div>\r\n<div style=\"font-size:25px;\" class=\"text\">\r\n     <ul>\r\n         <li>Informations sur votre utilisation de notre site, y compris les d\u00e9tails de vos visites, telles que les pages consult\u00e9es et les ressources auxquelles vous acc\u00e9dez. Ces informations comprennent les donn\u00e9es de trafic, les donn\u00e9es de localisation et d\u2019autres donn\u00e9es de communication.<\/li>\r\n            <li>Informations fournies volontairement par vous. Par exemple, lorsque vous vous inscrivez pour obtenir des informations.\r\n<\/li>\r\n    <li>Les informations que vous fournissez lorsque vous communiquez avec nous par quelque moyen que ce soit.\r\n<\/li>\r\n    <\/ul>\r\n   \r\n<\/div>\r\n\r\n \r\n   \t\t\t\t<\/div>\n\t\t\t\t<\/div>\n\t\t\t\t\t<\/div>\n\t\t<\/div>\n\t\t\t\t\t<\/div>\n\t\t<\/section>\n\t\t\t\t<section class=\"elementor-section elementor-top-section elementor-element elementor-element-b5d1ec6 elementor-section-boxed elementor-section-height-default elementor-section-height-default\" data-id=\"b5d1ec6\" data-element_type=\"section\" data-e-type=\"section\">\n\t\t\t\t\t\t<div class=\"elementor-container elementor-column-gap-default\">\n\t\t\t\t\t<div class=\"elementor-column elementor-col-100 elementor-top-column elementor-element elementor-element-9035e94\" data-id=\"9035e94\" data-element_type=\"column\" data-e-type=\"column\">\n\t\t\t<div class=\"elementor-widget-wrap elementor-element-populated\">\n\t\t\t\t\t\t<div class=\"elementor-element elementor-element-143ab06 elementor-widget elementor-widget-spacer\" data-id=\"143ab06\" data-element_type=\"widget\" data-e-type=\"widget\" data-widget_type=\"spacer.default\">\n\t\t\t\t<div class=\"elementor-widget-container\">\n\t\t\t\t\t\t\t<div class=\"elementor-spacer\">\n\t\t\t<div class=\"elementor-spacer-inner\"><\/div>\n\t\t<\/div>\n\t\t\t\t\t\t<\/div>\n\t\t\t\t<\/div>\n\t\t\t\t<div class=\"elementor-element elementor-element-8b324c1 elementor-widget elementor-widget-heading\" data-id=\"8b324c1\" data-element_type=\"widget\" data-e-type=\"widget\" data-widget_type=\"heading.default\">\n\t\t\t\t<div class=\"elementor-widget-container\">\n\t\t\t\t\t<h5 class=\"elementor-heading-title elementor-size-default\"><span class=\"dot\">Usage des Cookies .<\/span><\/h5>\t\t\t\t<\/div>\n\t\t\t\t<\/div>\n\t\t\t\t<div class=\"elementor-element elementor-element-8ad37c2 elementor-widget elementor-widget-html\" data-id=\"8ad37c2\" data-element_type=\"widget\" data-e-type=\"widget\" data-widget_type=\"html.default\">\n\t\t\t\t<div class=\"elementor-widget-container\">\n\t\t\t\t\t<div style=\"font-size:30px;\" class=\"text\">\r\n    Les cookies fournissent des informations concernant l\u2019ordinateur utilis\u00e9 par un visiteur. Nous pouvons utiliser des cookies le cas \u00e9ch\u00e9ant pour recueillir des informations sur votre ordinateur afin de nous aider \u00e0 am\u00e9liorer notre site Web.\r\n\r\nNous pouvons recueillir des informations sur votre utilisation g\u00e9n\u00e9rale d\u2019Internet en utilisant les cookies. Lorsqu\u2019ils sont utilis\u00e9s, ces cookies sont t\u00e9l\u00e9charg\u00e9s sur votre ordinateur et stock\u00e9s sur le disque dur de l\u2019ordinateur. Ces informations ne vous identifieront pas personnellement. Ce sont des donn\u00e9es statistiques. Ces donn\u00e9es statistiques n\u2019identifient aucun d\u00e9tail personnel.\r\n\r\nVous pouvez ajuster les param\u00e8tres de votre ordinateur pour refuser les cookies si vous le souhaitez. Cela peut facilement \u00eatre fait en activant le param\u00e8tre de rejet des cookies sur votre ordinateur.\r\n   \r\n<\/div>\r\n\r\n \r\n   \t\t\t\t<\/div>\n\t\t\t\t<\/div>\n\t\t\t\t\t<\/div>\n\t\t<\/div>\n\t\t\t\t\t<\/div>\n\t\t<\/section>\n\t\t\t\t<section class=\"elementor-section elementor-top-section elementor-element elementor-element-a2cbc49 elementor-section-boxed elementor-section-height-default elementor-section-height-default\" data-id=\"a2cbc49\" data-element_type=\"section\" data-e-type=\"section\">\n\t\t\t\t\t\t<div class=\"elementor-container elementor-column-gap-default\">\n\t\t\t\t\t<div class=\"elementor-column elementor-col-100 elementor-top-column elementor-element elementor-element-9c3564a\" data-id=\"9c3564a\" data-element_type=\"column\" data-e-type=\"column\">\n\t\t\t<div class=\"elementor-widget-wrap elementor-element-populated\">\n\t\t\t\t\t\t<div class=\"elementor-element elementor-element-1fa2744 elementor-widget elementor-widget-spacer\" data-id=\"1fa2744\" data-element_type=\"widget\" data-e-type=\"widget\" data-widget_type=\"spacer.default\">\n\t\t\t\t<div class=\"elementor-widget-container\">\n\t\t\t\t\t\t\t<div class=\"elementor-spacer\">\n\t\t\t<div class=\"elementor-spacer-inner\"><\/div>\n\t\t<\/div>\n\t\t\t\t\t\t<\/div>\n\t\t\t\t<\/div>\n\t\t\t\t<div class=\"elementor-element elementor-element-d8fce2b elementor-widget elementor-widget-heading\" data-id=\"d8fce2b\" data-element_type=\"widget\" data-e-type=\"widget\" data-widget_type=\"heading.default\">\n\t\t\t\t<div class=\"elementor-widget-container\">\n\t\t\t\t\t<h5 class=\"elementor-heading-title elementor-size-default\"><span class=\"dot\">Usage de votre information \n .<\/span><\/h5>\t\t\t\t<\/div>\n\t\t\t\t<\/div>\n\t\t\t\t<div class=\"elementor-element elementor-element-a2fa0ac elementor-widget elementor-widget-html\" data-id=\"a2fa0ac\" data-element_type=\"widget\" data-e-type=\"widget\" data-widget_type=\"html.default\">\n\t\t\t\t<div class=\"elementor-widget-container\">\n\t\t\t\t\t<div style=\"font-size:30px;\" class=\"text\">Nous utilisons les informations que nous recueillons aupr\u00e8s de vous pour vous fournir nos services. En plus de cela, nous pouvons utiliser les informations \u00e0 une ou plusieurs des fins suivantes :\r\n<\/div>\r\n<div style=\"font-size:25px;\" class=\"text\">\r\n     <ul>\r\n         <li>Pour vous fournir les informations que vous nous demandez concernant nos programmes ou services.\r\n<\/li>\r\n            <li>Pour vous fournir des informations relatives \u00e0 d\u2019autres informations susceptibles de vous int\u00e9resser.\r\n<\/li>\r\n    <\/ul>\r\n   \r\n<\/div>\r\n\r\n \r\n   \t\t\t\t<\/div>\n\t\t\t\t<\/div>\n\t\t\t\t\t<\/div>\n\t\t<\/div>\n\t\t\t\t\t<\/div>\n\t\t<\/section>\n\t\t\t\t<section class=\"elementor-section elementor-top-section elementor-element elementor-element-bb149ac elementor-section-boxed elementor-section-height-default elementor-section-height-default\" data-id=\"bb149ac\" data-element_type=\"section\" data-e-type=\"section\">\n\t\t\t\t\t\t<div class=\"elementor-container elementor-column-gap-default\">\n\t\t\t\t\t<div class=\"elementor-column elementor-col-100 elementor-top-column elementor-element elementor-element-0486c19\" data-id=\"0486c19\" data-element_type=\"column\" data-e-type=\"column\">\n\t\t\t<div class=\"elementor-widget-wrap elementor-element-populated\">\n\t\t\t\t\t\t<div class=\"elementor-element elementor-element-038ea77 elementor-widget elementor-widget-spacer\" data-id=\"038ea77\" data-element_type=\"widget\" data-e-type=\"widget\" data-widget_type=\"spacer.default\">\n\t\t\t\t<div class=\"elementor-widget-container\">\n\t\t\t\t\t\t\t<div class=\"elementor-spacer\">\n\t\t\t<div class=\"elementor-spacer-inner\"><\/div>\n\t\t<\/div>\n\t\t\t\t\t\t<\/div>\n\t\t\t\t<\/div>\n\t\t\t\t<div class=\"elementor-element elementor-element-9c809d3 elementor-widget elementor-widget-heading\" data-id=\"9c809d3\" data-element_type=\"widget\" data-e-type=\"widget\" data-widget_type=\"heading.default\">\n\t\t\t\t<div class=\"elementor-widget-container\">\n\t\t\t\t\t<h5 class=\"elementor-heading-title elementor-size-default\"><span class=\"dot\"> Stockage de vos donn\u00e9es personnelles  .<\/span><\/h5>\t\t\t\t<\/div>\n\t\t\t\t<\/div>\n\t\t\t\t<div class=\"elementor-element elementor-element-810bc63 elementor-widget elementor-widget-html\" data-id=\"810bc63\" data-element_type=\"widget\" data-e-type=\"widget\" data-widget_type=\"html.default\">\n\t\t\t\t<div class=\"elementor-widget-container\">\n\t\t\t\t\t<div style=\"font-size:30px;\" class=\"text\">\r\n    Durant l\u2019exploitation de notre site Web, il peut s\u2019av\u00e9rer n\u00e9cessaire de transf\u00e9rer les donn\u00e9es que nous collectons aupr\u00e8s de vous vers nos emplacements de nos serveurs pour le traitement et le stockage. En nous fournissant vos donn\u00e9es personnelles, vous acceptez ce transfert, ce stockage ou ce traitement. Nous faisons tout notre possible pour que toutes les mesures raisonnables soient prises pour garantir que vos donn\u00e9es soient trait\u00e9es et stock\u00e9es en toute s\u00e9curit\u00e9.\r\n\r\nMalheureusement, l\u2019envoi d\u2019informations via Internet n\u2019est pas totalement s\u00e9curis\u00e9 et, \u00e0 l\u2019occasion, ces informations peuvent \u00eatre intercept\u00e9es. Nous ne pouvons garantir la s\u00e9curit\u00e9 des donn\u00e9es que vous choisissez de nous envoyer par voie \u00e9lectronique, l\u2019envoi de ces informations est enti\u00e8rement \u00e0 vos risques et p\u00e9rils.\r\n<\/div>\r\n\r\n\r\n \r\n   \t\t\t\t<\/div>\n\t\t\t\t<\/div>\n\t\t\t\t\t<\/div>\n\t\t<\/div>\n\t\t\t\t\t<\/div>\n\t\t<\/section>\n\t\t\t\t<\/div>\n\t\t","protected":false},"excerpt":{"rendered":"<p>Les informations que nous collections . Lors de la gestion et de la maintenance de notre site Web, nous pouvons collecter et traiter vos donn\u00e9es suivantes : Informations sur votre utilisation de notre site, y compris les d\u00e9tails de vos visites, telles que les pages consult\u00e9es et les ressources auxquelles vous acc\u00e9dez. Ces informations comprennent [&hellip;]<\/p>\n","protected":false},"author":2,"featured_media":0,"parent":0,"menu_order":0,"comment_status":"closed","ping_status":"closed","template":"elementor_header_footer","meta":{"footnotes":""},"class_list":["post-29874","page","type-page","status-publish","hentry"],"jetpack_sharing_enabled":true,"_links":{"self":[{"href":"https:\/\/numeractive.ch\/fr\/wp-json\/wp\/v2\/pages\/29874","targetHints":{"allow":["GET"]}}],"collection":[{"href":"https:\/\/numeractive.ch\/fr\/wp-json\/wp\/v2\/pages"}],"about":[{"href":"https:\/\/numeractive.ch\/fr\/wp-json\/wp\/v2\/types\/page"}],"author":[{"embeddable":true,"href":"https:\/\/numeractive.ch\/fr\/wp-json\/wp\/v2\/users\/2"}],"replies":[{"embeddable":true,"href":"https:\/\/numeractive.ch\/fr\/wp-json\/wp\/v2\/comments?post=29874"}],"version-history":[{"count":22,"href":"https:\/\/numeractive.ch\/fr\/wp-json\/wp\/v2\/pages\/29874\/revisions"}],"predecessor-version":[{"id":29897,"href":"https:\/\/numeractive.ch\/fr\/wp-json\/wp\/v2\/pages\/29874\/revisions\/29897"}],"wp:attachment":[{"href":"https:\/\/numeractive.ch\/fr\/wp-json\/wp\/v2\/media?parent=29874"}],"curies":[{"name":"wp","href":"https:\/\/api.w.org\/{rel}","templated":true}]}}