{"id":22,"date":"2021-01-13T16:11:28","date_gmt":"2021-01-13T15:11:28","guid":{"rendered":"http:\/\/layerdrops.com\/linoorwp\/?page_id=22"},"modified":"2024-03-28T12:59:58","modified_gmt":"2024-03-28T11:59:58","slug":"testimonianze","status":"publish","type":"page","link":"https:\/\/numeractive.ch\/it\/attivita-commerciale\/testimonianze\/","title":{"rendered":"Testimonianze"},"content":{"rendered":"<div data-elementor-type=\"wp-page\" data-elementor-id=\"22\" class=\"elementor elementor-22\" data-elementor-post-type=\"page\">\n\t\t\t\t\t\t<section class=\"elementor-section elementor-top-section elementor-element elementor-element-26a77b4 elementor-section-full_width elementor-section-height-default elementor-section-height-default\" data-id=\"26a77b4\" data-element_type=\"section\" data-e-type=\"section\">\n\t\t\t\t\t\t<div class=\"elementor-container elementor-column-gap-no\">\n\t\t\t\t\t<div class=\"elementor-column elementor-col-100 elementor-top-column elementor-element elementor-element-0427026\" data-id=\"0427026\" data-element_type=\"column\" data-e-type=\"column\">\n\t\t\t<div class=\"elementor-widget-wrap elementor-element-populated\">\n\t\t\t\t\t\t<div class=\"elementor-element elementor-element-3ca81b8 elementor-widget elementor-widget-linoor-testimonials\" data-id=\"3ca81b8\" data-element_type=\"widget\" data-e-type=\"widget\" data-widget_type=\"linoor-testimonials.default\">\n\t\t\t\t<div class=\"elementor-widget-container\">\n\t\t\t\t\t\r\n        \r\n\r\n        \r\n            <!--Testimonials Section-->\r\n            <section class=\"testimonials-section testimonials-page\">\r\n                <div class=\"auto-container\">\r\n                    <div class=\"row clearfix\">\r\n                                                                                                        <div class=\"testi-block col-lg-6 col-md-12 col-sm-12\">\r\n                                <div class=\"inner\">\r\n                                    <div class=\"icon\"><span>\"<\/span><\/div>\r\n                                    <div class=\"info\">\r\n                                        <div class=\"image\"><\/div>\r\n                                        <div class=\"name\">Klaudia Sch\u00fcpbach<\/div>\r\n                                        <div class=\"designation\">Cliente<\/div>\r\n                                    <\/div>\r\n                                    <div class=\"text\">Grazie Florian Bourqui per il tuo aiuto professionale e rapido, sei il migliore!<\/div>\r\n                                <\/div>\r\n                            <\/div>\r\n\r\n                                                                                <div class=\"testi-block col-lg-6 col-md-12 col-sm-12\">\r\n                                <div class=\"inner\">\r\n                                    <div class=\"icon\"><span>\"<\/span><\/div>\r\n                                    <div class=\"info\">\r\n                                        <div class=\"image\"><\/div>\r\n                                        <div class=\"name\">Christophe Andres<\/div>\r\n                                        <div class=\"designation\">Cliente<\/div>\r\n                                    <\/div>\r\n                                    <div class=\"text\">servizio molto professionale, lo raccomando<\/div>\r\n                                <\/div>\r\n                            <\/div>\r\n\r\n                                                                                <div class=\"testi-block col-lg-6 col-md-12 col-sm-12\">\r\n                                <div class=\"inner\">\r\n                                    <div class=\"icon\"><span>\"<\/span><\/div>\r\n                                    <div class=\"info\">\r\n                                        <div class=\"image\"><\/div>\r\n                                        <div class=\"name\">Pascal<\/div>\r\n                                        <div class=\"designation\">Cliente<\/div>\r\n                                    <\/div>\r\n                                    <div class=\"text\">Molto reattivo nei confronti del cliente e molto puntuale. Li consiglio vivamente!<\/div>\r\n                                <\/div>\r\n                            <\/div>\r\n\r\n                                                                                <div class=\"testi-block col-lg-6 col-md-12 col-sm-12\">\r\n                                <div class=\"inner\">\r\n                                    <div class=\"icon\"><span>\"<\/span><\/div>\r\n                                    <div class=\"info\">\r\n                                        <div class=\"image\"><img decoding=\"async\" width=\"60\" height=\"60\" src=\"data:image\/gif;base64,R0lGODlhAQABAIAAAAAAAP\/\/\/yH5BAEAAAAALAAAAAABAAEAAAIBRAA7\" data-src=\"https:\/\/i0.wp.com\/numeractive.ch\/wp-content\/uploads\/2021\/01\/unnamed.png?resize=60%2C60&amp;ssl=1\" class=\"attachment-linoor_testimonials_73X73 size-linoor_testimonials_73X73 wp-post-image lazyload\" alt=\"\" \/><noscript><img decoding=\"async\" width=\"60\" height=\"60\" src=\"https:\/\/i0.wp.com\/numeractive.ch\/wp-content\/uploads\/2021\/01\/unnamed.png?resize=60%2C60&amp;ssl=1\" class=\"attachment-linoor_testimonials_73X73 size-linoor_testimonials_73X73 wp-post-image lazyload\" alt=\"\" \/><\/noscript><\/div>\r\n                                        <div class=\"name\">Jos\u00e9<\/div>\r\n                                        <div class=\"designation\">Cliente<\/div>\r\n                                    <\/div>\r\n                                    <div class=\"text\">Un'azienda che ascolta con un know-how professionale<\/div>\r\n                                <\/div>\r\n                            <\/div>\r\n\r\n                                                                                <div class=\"testi-block col-lg-6 col-md-12 col-sm-12\">\r\n                                <div class=\"inner\">\r\n                                    <div class=\"icon\"><span>\"<\/span><\/div>\r\n                                    <div class=\"info\">\r\n                                        <div class=\"image\"><img decoding=\"async\" width=\"73\" height=\"73\" src=\"data:image\/gif;base64,R0lGODlhAQABAIAAAAAAAP\/\/\/yH5BAEAAAAALAAAAAABAAEAAAIBRAA7\" data-src=\"https:\/\/i0.wp.com\/numeractive.ch\/wp-content\/uploads\/2021\/02\/footer-3-shape-1.png?resize=73%2C73&amp;ssl=1\" class=\"attachment-linoor_testimonials_73X73 size-linoor_testimonials_73X73 wp-post-image lazyload\" alt=\"\" data-srcset=\"https:\/\/i0.wp.com\/numeractive.ch\/wp-content\/uploads\/2021\/02\/footer-3-shape-1.png?w=463&amp;ssl=1 463w, https:\/\/i0.wp.com\/numeractive.ch\/wp-content\/uploads\/2021\/02\/footer-3-shape-1.png?resize=270%2C270&amp;ssl=1 270w, https:\/\/i0.wp.com\/numeractive.ch\/wp-content\/uploads\/2021\/02\/footer-3-shape-1.png?resize=100%2C100&amp;ssl=1 100w, https:\/\/i0.wp.com\/numeractive.ch\/wp-content\/uploads\/2021\/02\/footer-3-shape-1.png?resize=300%2C300&amp;ssl=1 300w, https:\/\/i0.wp.com\/numeractive.ch\/wp-content\/uploads\/2021\/02\/footer-3-shape-1.png?resize=150%2C150&amp;ssl=1 150w, https:\/\/i0.wp.com\/numeractive.ch\/wp-content\/uploads\/2021\/02\/footer-3-shape-1.png?resize=73%2C73&amp;ssl=1 73w, https:\/\/i0.wp.com\/numeractive.ch\/wp-content\/uploads\/2021\/02\/footer-3-shape-1.png?resize=125%2C125&amp;ssl=1 125w, https:\/\/i0.wp.com\/numeractive.ch\/wp-content\/uploads\/2021\/02\/footer-3-shape-1.png?resize=380%2C379&amp;ssl=1 380w\" sizes=\"(max-width: 73px) 100vw, 73px\" \/><noscript><img loading=\"lazy\" decoding=\"async\" width=\"73\" height=\"73\" src=\"https:\/\/i0.wp.com\/numeractive.ch\/wp-content\/uploads\/2021\/02\/footer-3-shape-1.png?resize=73%2C73&amp;ssl=1\" class=\"attachment-linoor_testimonials_73X73 size-linoor_testimonials_73X73 wp-post-image lazyload\" alt=\"\" srcset=\"https:\/\/i0.wp.com\/numeractive.ch\/wp-content\/uploads\/2021\/02\/footer-3-shape-1.png?w=463&amp;ssl=1 463w, https:\/\/i0.wp.com\/numeractive.ch\/wp-content\/uploads\/2021\/02\/footer-3-shape-1.png?resize=270%2C270&amp;ssl=1 270w, https:\/\/i0.wp.com\/numeractive.ch\/wp-content\/uploads\/2021\/02\/footer-3-shape-1.png?resize=100%2C100&amp;ssl=1 100w, https:\/\/i0.wp.com\/numeractive.ch\/wp-content\/uploads\/2021\/02\/footer-3-shape-1.png?resize=300%2C300&amp;ssl=1 300w, https:\/\/i0.wp.com\/numeractive.ch\/wp-content\/uploads\/2021\/02\/footer-3-shape-1.png?resize=150%2C150&amp;ssl=1 150w, https:\/\/i0.wp.com\/numeractive.ch\/wp-content\/uploads\/2021\/02\/footer-3-shape-1.png?resize=73%2C73&amp;ssl=1 73w, https:\/\/i0.wp.com\/numeractive.ch\/wp-content\/uploads\/2021\/02\/footer-3-shape-1.png?resize=125%2C125&amp;ssl=1 125w, https:\/\/i0.wp.com\/numeractive.ch\/wp-content\/uploads\/2021\/02\/footer-3-shape-1.png?resize=380%2C379&amp;ssl=1 380w\" sizes=\"(max-width: 73px) 100vw, 73px\" \/><\/noscript><\/div>\r\n                                        <div class=\"name\">Iven Michel Cabrita Sambento<\/div>\r\n                                        <div class=\"designation\">Cliente<\/div>\r\n                                    <\/div>\r\n                                    <div class=\"text\">Ho consultato NUMERACTIVE per creare l'immagine della mia azienda di pittura. Creazione logo biglietto da visita ottimo lavoro molto professionale. Posso solo raccomandarlo \ud83d\udc4c\ud83c\udffb<\/div>\r\n                                <\/div>\r\n                            <\/div>\r\n\r\n                                                                                <div class=\"testi-block col-lg-6 col-md-12 col-sm-12\">\r\n                                <div class=\"inner\">\r\n                                    <div class=\"icon\"><span>\"<\/span><\/div>\r\n                                    <div class=\"info\">\r\n                                        <div class=\"image\"><\/div>\r\n                                        <div class=\"name\">M\u00e9gane Niquille<\/div>\r\n                                        <div class=\"designation\">Cliente<\/div>\r\n                                    <\/div>\r\n                                    <div class=\"text\">Risposte molto rapide via e-mail!\r\nHa capito le mie esigenze a 100% senza spingere al consumo, il che \u00e8 davvero MOLTO bello!\r\nDa raccomandare!<\/div>\r\n                                <\/div>\r\n                            <\/div>\r\n\r\n                                                                                <div class=\"testi-block col-lg-6 col-md-12 col-sm-12\">\r\n                                <div class=\"inner\">\r\n                                    <div class=\"icon\"><span>\"<\/span><\/div>\r\n                                    <div class=\"info\">\r\n                                        <div class=\"image\"><\/div>\r\n                                        <div class=\"name\">Matthieu Ki<\/div>\r\n                                        <div class=\"designation\">Cliente<\/div>\r\n                                    <\/div>\r\n                                    <div class=\"text\">Mi sono imbattuto in Numeractive per caso e non sono affatto deluso! Avevo una richiesta urgente e sinceramente non mi aspettavo un lavoro del genere: servizio incredibile, grande ascolto e molto reattivo!\r\nFlorian \u00e8 molto professionale, abbiamo bisogno di pi\u00f9 persone come lui al giorno d'oggi.<\/div>\r\n                                <\/div>\r\n                            <\/div>\r\n\r\n                                                                                <div class=\"testi-block col-lg-6 col-md-12 col-sm-12\">\r\n                                <div class=\"inner\">\r\n                                    <div class=\"icon\"><span>\"<\/span><\/div>\r\n                                    <div class=\"info\">\r\n                                        <div class=\"image\"><\/div>\r\n                                        <div class=\"name\">Gaelle F<\/div>\r\n                                        <div class=\"designation\">Cliente<\/div>\r\n                                    <\/div>\r\n                                    <div class=\"text\">Molto professionale e attento alle mie aspettative. Lavoro eccellente per il mio sito web, lo raccomando!<\/div>\r\n                                <\/div>\r\n                            <\/div>\r\n\r\n                                                                                <div class=\"testi-block col-lg-6 col-md-12 col-sm-12\">\r\n                                <div class=\"inner\">\r\n                                    <div class=\"icon\"><span>\"<\/span><\/div>\r\n                                    <div class=\"info\">\r\n                                        <div class=\"image\"><\/div>\r\n                                        <div class=\"name\">Ludo<\/div>\r\n                                        <div class=\"designation\">Cliente<\/div>\r\n                                    <\/div>\r\n                                    <div class=\"text\">Finalmente un vero professionista che ha capito le mie esigenze. Grazie mille!<\/div>\r\n                                <\/div>\r\n                            <\/div>\r\n\r\n                                                \r\n                    <\/div>\r\n                <\/div>\r\n            <\/section>\r\n        \r\n        \r\n        \r\n        \r\n        \r\n\t\t\t\t<\/div>\n\t\t\t\t<\/div>\n\t\t\t\t\t<\/div>\n\t\t<\/div>\n\t\t\t\t\t<\/div>\n\t\t<\/section>\n\t\t\t\t<section class=\"elementor-section elementor-top-section elementor-element elementor-element-69cc3e2 elementor-section-boxed elementor-section-height-default elementor-section-height-default\" data-id=\"69cc3e2\" data-element_type=\"section\" data-e-type=\"section\">\n\t\t\t\t\t\t<div class=\"elementor-container elementor-column-gap-default\">\n\t\t\t\t\t<div class=\"elementor-column elementor-col-100 elementor-top-column elementor-element elementor-element-1cdf2df\" data-id=\"1cdf2df\" data-element_type=\"column\" data-e-type=\"column\">\n\t\t\t<div class=\"elementor-widget-wrap elementor-element-populated\">\n\t\t\t\t\t\t<div class=\"elementor-element elementor-element-9cd4e3d elementor-widget elementor-widget-linoor-call-to-action\" data-id=\"9cd4e3d\" data-element_type=\"widget\" data-e-type=\"widget\" data-widget_type=\"linoor-call-to-action.default\">\n\t\t\t\t<div class=\"elementor-widget-container\">\n\t\t\t\t\t\r\n        \r\n            <!-- Call To Section -->\r\n            <section class=\"call-to-section\">\r\n                <div class=\"auto-container\">\r\n                    <div class=\"inner clearfix\">\r\n                        <div class=\"shape-1 wow slideInRight\" data-wow-delay=\"0ms\" data-wow-duration=\"1500ms\"><\/div>\r\n                        <div class=\"shape-2 wow fadeInDown\" data-wow-delay=\"0ms\" data-wow-duration=\"1500ms\"><\/div>\r\n                        <h2>SEI PRONTO A DECOLLARE  <br>IL TUO AFFARE? <\/h2>\r\n                        <div class=\"link-box\">\r\n                            <a class=\"theme-btn btn-style-two\" href=\"https:\/\/numeractive.ch\/it\/31-revisione-v1\/\">\r\n                                <i class=\"btn-curve\"><\/i>\r\n                                <span class=\"btn-title\">METTERSI IN CONTATTO<\/span>\r\n                            <\/a>\r\n                        <\/div>\r\n                    <\/div>\r\n                <\/div>\r\n            <\/section>\r\n\r\n        \r\n        \r\n        \r\n        \r\n        \r\n\r\n\t\t\t\t<\/div>\n\t\t\t\t<\/div>\n\t\t\t\t\t<\/div>\n\t\t<\/div>\n\t\t\t\t\t<\/div>\n\t\t<\/section>\n\t\t\t\t<\/div>","protected":false},"excerpt":{"rendered":"<p>\u201c Klaudia Sch\u00fcpbach Client Merci Florian Bourqui pour votre aide professionnelle et rapide, vous \u00eates le meilleur! \u201c Christophe Andres Client service tr\u00e8s professionnel, je recommande \u201c Pascal Client A l\u2019\u00e9coute du client et tr\u00e8s r\u00e9actif dans les d\u00e9lais. Je conseil vivement! \u201c Jos\u00e9 Client Une entreprise \u00e0 l&rsquo;\u00e9coute avec un savoir faire professionne \u201c [&hellip;]<\/p>\n","protected":false},"author":2,"featured_media":0,"parent":29589,"menu_order":0,"comment_status":"closed","ping_status":"closed","template":"elementor_header_footer","meta":{"footnotes":""},"class_list":["post-22","page","type-page","status-publish","hentry"],"jetpack_sharing_enabled":true,"_links":{"self":[{"href":"https:\/\/numeractive.ch\/it\/wp-json\/wp\/v2\/pages\/22","targetHints":{"allow":["GET"]}}],"collection":[{"href":"https:\/\/numeractive.ch\/it\/wp-json\/wp\/v2\/pages"}],"about":[{"href":"https:\/\/numeractive.ch\/it\/wp-json\/wp\/v2\/types\/page"}],"author":[{"embeddable":true,"href":"https:\/\/numeractive.ch\/it\/wp-json\/wp\/v2\/users\/2"}],"replies":[{"embeddable":true,"href":"https:\/\/numeractive.ch\/it\/wp-json\/wp\/v2\/comments?post=22"}],"version-history":[{"count":7,"href":"https:\/\/numeractive.ch\/it\/wp-json\/wp\/v2\/pages\/22\/revisions"}],"predecessor-version":[{"id":30160,"href":"https:\/\/numeractive.ch\/it\/wp-json\/wp\/v2\/pages\/22\/revisions\/30160"}],"up":[{"embeddable":true,"href":"https:\/\/numeractive.ch\/it\/wp-json\/wp\/v2\/pages\/29589"}],"wp:attachment":[{"href":"https:\/\/numeractive.ch\/it\/wp-json\/wp\/v2\/media?parent=22"}],"curies":[{"name":"wp","href":"https:\/\/api.w.org\/{rel}","templated":true}]}}