{"id":29874,"date":"2021-08-18T11:34:11","date_gmt":"2021-08-18T09:34:11","guid":{"rendered":"https:\/\/numeractive.ch\/?page_id=29874"},"modified":"2024-03-28T12:37:22","modified_gmt":"2024-03-28T11:37:22","slug":"riservatezza-e-condizioni","status":"publish","type":"page","link":"https:\/\/numeractive.ch\/it\/riservatezza-e-condizioni\/","title":{"rendered":"Privacy e condizioni"},"content":{"rendered":"<div data-elementor-type=\"wp-page\" data-elementor-id=\"29874\" class=\"elementor elementor-29874\" data-elementor-post-type=\"page\">\n\t\t\t\t\t\t<section class=\"elementor-section elementor-top-section elementor-element elementor-element-b5070d2 elementor-section-boxed elementor-section-height-default elementor-section-height-default\" data-id=\"b5070d2\" data-element_type=\"section\" data-e-type=\"section\">\n\t\t\t\t\t\t<div class=\"elementor-container elementor-column-gap-default\">\n\t\t\t\t\t<div class=\"elementor-column elementor-col-100 elementor-top-column elementor-element elementor-element-7389ee5\" data-id=\"7389ee5\" data-element_type=\"column\" data-e-type=\"column\">\n\t\t\t<div class=\"elementor-widget-wrap elementor-element-populated\">\n\t\t\t\t\t\t<div class=\"elementor-element elementor-element-3d6e11a elementor-widget elementor-widget-spacer\" data-id=\"3d6e11a\" data-element_type=\"widget\" data-e-type=\"widget\" data-widget_type=\"spacer.default\">\n\t\t\t\t<div class=\"elementor-widget-container\">\n\t\t\t\t\t\t\t<div class=\"elementor-spacer\">\n\t\t\t<div class=\"elementor-spacer-inner\"><\/div>\n\t\t<\/div>\n\t\t\t\t\t\t<\/div>\n\t\t\t\t<\/div>\n\t\t\t\t<div class=\"elementor-element elementor-element-dc137a4 elementor-widget elementor-widget-heading\" data-id=\"dc137a4\" data-element_type=\"widget\" data-e-type=\"widget\" data-widget_type=\"heading.default\">\n\t\t\t\t<div class=\"elementor-widget-container\">\n\t\t\t\t\t<h5 class=\"elementor-heading-title elementor-size-default\"><span class=\"dot\">Le informazioni che raccogliamo.<\/span><\/h5>\t\t\t\t<\/div>\n\t\t\t\t<\/div>\n\t\t\t\t<div class=\"elementor-element elementor-element-f7eea25 elementor-widget elementor-widget-html\" data-id=\"f7eea25\" data-element_type=\"widget\" data-e-type=\"widget\" data-widget_type=\"html.default\">\n\t\t\t\t<div class=\"elementor-widget-container\">\n\t\t\t\t\t<div style=\"font-size:30px;\" class=\"text\">Nel corso del funzionamento e della manutenzione del nostro sito web, possiamo raccogliere ed elaborare i seguenti dati su di voi:\r\n   \r\n<\/div>\r\n<div style=\"font-size:25px;\" class=\"text\">\r\n     <ul>\r\n         <li>Informazioni sul tuo uso del nostro sito, compresi i dettagli delle tue visite, come le pagine che visualizzi e le risorse a cui accedi. Queste informazioni includono dati sul traffico, dati sulla posizione e altri dati di comunicazione.<\/li>\r\n            <li>Informazioni fornite volontariamente da voi. Per esempio, quando ti registri per informazioni.\r\n<\/li>\r\n    <li>Le informazioni che fornisci quando comunichi con noi con qualsiasi mezzo.\r\n<\/li>\r\n    <\/ul>\r\n   \r\n<\/div>\r\n\r\n \r\n   \t\t\t\t<\/div>\n\t\t\t\t<\/div>\n\t\t\t\t\t<\/div>\n\t\t<\/div>\n\t\t\t\t\t<\/div>\n\t\t<\/section>\n\t\t\t\t<section class=\"elementor-section elementor-top-section elementor-element elementor-element-b5d1ec6 elementor-section-boxed elementor-section-height-default elementor-section-height-default\" data-id=\"b5d1ec6\" data-element_type=\"section\" data-e-type=\"section\">\n\t\t\t\t\t\t<div class=\"elementor-container elementor-column-gap-default\">\n\t\t\t\t\t<div class=\"elementor-column elementor-col-100 elementor-top-column elementor-element elementor-element-9035e94\" data-id=\"9035e94\" data-element_type=\"column\" data-e-type=\"column\">\n\t\t\t<div class=\"elementor-widget-wrap elementor-element-populated\">\n\t\t\t\t\t\t<div class=\"elementor-element elementor-element-143ab06 elementor-widget elementor-widget-spacer\" data-id=\"143ab06\" data-element_type=\"widget\" data-e-type=\"widget\" data-widget_type=\"spacer.default\">\n\t\t\t\t<div class=\"elementor-widget-container\">\n\t\t\t\t\t\t\t<div class=\"elementor-spacer\">\n\t\t\t<div class=\"elementor-spacer-inner\"><\/div>\n\t\t<\/div>\n\t\t\t\t\t\t<\/div>\n\t\t\t\t<\/div>\n\t\t\t\t<div class=\"elementor-element elementor-element-8b324c1 elementor-widget elementor-widget-heading\" data-id=\"8b324c1\" data-element_type=\"widget\" data-e-type=\"widget\" data-widget_type=\"heading.default\">\n\t\t\t\t<div class=\"elementor-widget-container\">\n\t\t\t\t\t<h5 class=\"elementor-heading-title elementor-size-default\"><span class=\"dot\">Uso dei cookie.<\/span><\/h5>\t\t\t\t<\/div>\n\t\t\t\t<\/div>\n\t\t\t\t<div class=\"elementor-element elementor-element-8ad37c2 elementor-widget elementor-widget-html\" data-id=\"8ad37c2\" data-element_type=\"widget\" data-e-type=\"widget\" data-widget_type=\"html.default\">\n\t\t\t\t<div class=\"elementor-widget-container\">\n\t\t\t\t\t<div style=\"font-size:30px;\" class=\"text\">\r\n    I cookie forniscono informazioni sul computer utilizzato da un visitatore. Possiamo utilizzare i cookie, se del caso, per raccogliere informazioni sul vostro computer per aiutarci a migliorare il nostro sito web.\r\n\r\nPossiamo raccogliere informazioni sul suo uso generale di Internet utilizzando i cookie. Quando vengono utilizzati, questi cookie vengono scaricati sul computer e memorizzati sul disco rigido del computer. Queste informazioni non la identificheranno personalmente. Sono dati statistici. Questi dati statistici non identificano alcun dettaglio personale.\r\n\r\nSe lo desidera, pu\u00f2 regolare le impostazioni del suo computer per rifiutare i cookies. Questo pu\u00f2 essere fatto facilmente abilitando l'impostazione \"rifiuta i cookie\" sul tuo computer.\r\n   \r\n<\/div>\r\n\r\n \r\n   \t\t\t\t<\/div>\n\t\t\t\t<\/div>\n\t\t\t\t\t<\/div>\n\t\t<\/div>\n\t\t\t\t\t<\/div>\n\t\t<\/section>\n\t\t\t\t<section class=\"elementor-section elementor-top-section elementor-element elementor-element-a2cbc49 elementor-section-boxed elementor-section-height-default elementor-section-height-default\" data-id=\"a2cbc49\" data-element_type=\"section\" data-e-type=\"section\">\n\t\t\t\t\t\t<div class=\"elementor-container elementor-column-gap-default\">\n\t\t\t\t\t<div class=\"elementor-column elementor-col-100 elementor-top-column elementor-element elementor-element-9c3564a\" data-id=\"9c3564a\" data-element_type=\"column\" data-e-type=\"column\">\n\t\t\t<div class=\"elementor-widget-wrap elementor-element-populated\">\n\t\t\t\t\t\t<div class=\"elementor-element elementor-element-1fa2744 elementor-widget elementor-widget-spacer\" data-id=\"1fa2744\" data-element_type=\"widget\" data-e-type=\"widget\" data-widget_type=\"spacer.default\">\n\t\t\t\t<div class=\"elementor-widget-container\">\n\t\t\t\t\t\t\t<div class=\"elementor-spacer\">\n\t\t\t<div class=\"elementor-spacer-inner\"><\/div>\n\t\t<\/div>\n\t\t\t\t\t\t<\/div>\n\t\t\t\t<\/div>\n\t\t\t\t<div class=\"elementor-element elementor-element-d8fce2b elementor-widget elementor-widget-heading\" data-id=\"d8fce2b\" data-element_type=\"widget\" data-e-type=\"widget\" data-widget_type=\"heading.default\">\n\t\t\t\t<div class=\"elementor-widget-container\">\n\t\t\t\t\t<h5 class=\"elementor-heading-title elementor-size-default\"><span class=\"dot\">Uso delle sue informazioni\n .<\/span><\/h5>\t\t\t\t<\/div>\n\t\t\t\t<\/div>\n\t\t\t\t<div class=\"elementor-element elementor-element-a2fa0ac elementor-widget elementor-widget-html\" data-id=\"a2fa0ac\" data-element_type=\"widget\" data-e-type=\"widget\" data-widget_type=\"html.default\">\n\t\t\t\t<div class=\"elementor-widget-container\">\n\t\t\t\t\t<div style=\"font-size:30px;\" class=\"text\">Utilizziamo le informazioni che raccogliamo da voi per fornirvi i nostri servizi. Oltre a questo, possiamo utilizzare le informazioni per uno o pi\u00f9 dei seguenti scopi:\r\n<\/div>\r\n<div style=\"font-size:25px;\" class=\"text\">\r\n     <ul>\r\n         <li>Per fornirle le informazioni da lei richieste sui nostri programmi o servizi.\r\n<\/li>\r\n            <li>Per fornirle informazioni su altre informazioni che potrebbero essere di suo interesse.\r\n<\/li>\r\n    <\/ul>\r\n   \r\n<\/div>\r\n\r\n \r\n   \t\t\t\t<\/div>\n\t\t\t\t<\/div>\n\t\t\t\t\t<\/div>\n\t\t<\/div>\n\t\t\t\t\t<\/div>\n\t\t<\/section>\n\t\t\t\t<section class=\"elementor-section elementor-top-section elementor-element elementor-element-bb149ac elementor-section-boxed elementor-section-height-default elementor-section-height-default\" data-id=\"bb149ac\" data-element_type=\"section\" data-e-type=\"section\">\n\t\t\t\t\t\t<div class=\"elementor-container elementor-column-gap-default\">\n\t\t\t\t\t<div class=\"elementor-column elementor-col-100 elementor-top-column elementor-element elementor-element-0486c19\" data-id=\"0486c19\" data-element_type=\"column\" data-e-type=\"column\">\n\t\t\t<div class=\"elementor-widget-wrap elementor-element-populated\">\n\t\t\t\t\t\t<div class=\"elementor-element elementor-element-038ea77 elementor-widget elementor-widget-spacer\" data-id=\"038ea77\" data-element_type=\"widget\" data-e-type=\"widget\" data-widget_type=\"spacer.default\">\n\t\t\t\t<div class=\"elementor-widget-container\">\n\t\t\t\t\t\t\t<div class=\"elementor-spacer\">\n\t\t\t<div class=\"elementor-spacer-inner\"><\/div>\n\t\t<\/div>\n\t\t\t\t\t\t<\/div>\n\t\t\t\t<\/div>\n\t\t\t\t<div class=\"elementor-element elementor-element-9c809d3 elementor-widget elementor-widget-heading\" data-id=\"9c809d3\" data-element_type=\"widget\" data-e-type=\"widget\" data-widget_type=\"heading.default\">\n\t\t\t\t<div class=\"elementor-widget-container\">\n\t\t\t\t\t<h5 class=\"elementor-heading-title elementor-size-default\"><span class=\"dot\"> Conservazione dei suoi dati personali .<\/span><\/h5>\t\t\t\t<\/div>\n\t\t\t\t<\/div>\n\t\t\t\t<div class=\"elementor-element elementor-element-810bc63 elementor-widget elementor-widget-html\" data-id=\"810bc63\" data-element_type=\"widget\" data-e-type=\"widget\" data-widget_type=\"html.default\">\n\t\t\t\t<div class=\"elementor-widget-container\">\n\t\t\t\t\t<div style=\"font-size:30px;\" class=\"text\">\r\n    Durante il funzionamento del nostro sito web, pu\u00f2 essere necessario trasferire i dati che raccogliamo da voi alle nostre sedi di server per l'elaborazione e la conservazione. Fornendoci i suoi dati personali, lei acconsente a tale trasferimento, archiviazione o trattamento. Ci sforziamo di garantire che siano prese tutte le misure ragionevoli per assicurare che i vostri dati siano trattati e conservati in modo sicuro.\r\n\r\nPurtroppo, l'invio di informazioni via Internet non \u00e8 completamente sicuro e a volte queste informazioni possono essere intercettate. Non possiamo garantire la sicurezza di qualsiasi dato che lei sceglie di inviarci elettronicamente, l'invio di tali informazioni \u00e8 interamente a suo rischio e pericolo.\r\n<\/div>\r\n\r\n\r\n \r\n   \t\t\t\t<\/div>\n\t\t\t\t<\/div>\n\t\t\t\t\t<\/div>\n\t\t<\/div>\n\t\t\t\t\t<\/div>\n\t\t<\/section>\n\t\t\t\t<\/div>","protected":false},"excerpt":{"rendered":"<p>Les informations que nous collections . Lors de la gestion et de la maintenance de notre site Web, nous pouvons collecter et traiter vos donn\u00e9es suivantes : Informations sur votre utilisation de notre site, y compris les d\u00e9tails de vos visites, telles que les pages consult\u00e9es et les ressources auxquelles vous acc\u00e9dez. Ces informations comprennent [&hellip;]<\/p>\n","protected":false},"author":2,"featured_media":0,"parent":0,"menu_order":0,"comment_status":"closed","ping_status":"closed","template":"elementor_header_footer","meta":{"footnotes":""},"class_list":["post-29874","page","type-page","status-publish","hentry"],"jetpack_sharing_enabled":true,"_links":{"self":[{"href":"https:\/\/numeractive.ch\/it\/wp-json\/wp\/v2\/pages\/29874","targetHints":{"allow":["GET"]}}],"collection":[{"href":"https:\/\/numeractive.ch\/it\/wp-json\/wp\/v2\/pages"}],"about":[{"href":"https:\/\/numeractive.ch\/it\/wp-json\/wp\/v2\/types\/page"}],"author":[{"embeddable":true,"href":"https:\/\/numeractive.ch\/it\/wp-json\/wp\/v2\/users\/2"}],"replies":[{"embeddable":true,"href":"https:\/\/numeractive.ch\/it\/wp-json\/wp\/v2\/comments?post=29874"}],"version-history":[{"count":22,"href":"https:\/\/numeractive.ch\/it\/wp-json\/wp\/v2\/pages\/29874\/revisions"}],"predecessor-version":[{"id":29897,"href":"https:\/\/numeractive.ch\/it\/wp-json\/wp\/v2\/pages\/29874\/revisions\/29897"}],"wp:attachment":[{"href":"https:\/\/numeractive.ch\/it\/wp-json\/wp\/v2\/media?parent=29874"}],"curies":[{"name":"wp","href":"https:\/\/api.w.org\/{rel}","templated":true}]}}